{"id":405,"date":"2020-02-23T05:13:21","date_gmt":"2020-02-23T05:13:21","guid":{"rendered":"http:\/\/localhost\/Varsity\/?page_id=52"},"modified":"2025-01-13T03:00:13","modified_gmt":"2025-01-13T01:00:13","slug":"fabiana-charrua","status":"publish","type":"page","link":"https:\/\/kinqiproject.com\/pt\/fabiana-charrua\/","title":{"rendered":"Quem sou eu"},"content":{"rendered":"<div data-elementor-type=\"wp-page\" data-elementor-id=\"405\" class=\"elementor elementor-405\">\n\t\t\t\t\t\t<section class=\"elementor-section elementor-top-section elementor-element elementor-element-5629646 elementor-section-boxed elementor-section-height-default elementor-section-height-default\" data-id=\"5629646\" data-element_type=\"section\" data-e-type=\"section\">\n\t\t\t\t\t\t<div class=\"elementor-container elementor-column-gap-default\">\n\t\t\t\t\t<div class=\"elementor-column elementor-col-100 elementor-top-column elementor-element elementor-element-b680205\" data-id=\"b680205\" data-element_type=\"column\" data-e-type=\"column\">\n\t\t\t<div class=\"elementor-widget-wrap elementor-element-populated\">\n\t\t\t\t\t\t<div class=\"elementor-element elementor-element-49cedf5 elementor-widget elementor-widget-heading\" data-id=\"49cedf5\" data-element_type=\"widget\" data-e-type=\"widget\" data-widget_type=\"heading.default\">\n\t\t\t\t<div class=\"elementor-widget-container\">\n\t\t\t\t\t<h1 class=\"elementor-heading-title elementor-size-default\">Quem \u00e9 que eu sou?<\/h1>\t\t\t\t<\/div>\n\t\t\t\t<\/div>\n\t\t\t\t\t<\/div>\n\t\t<\/div>\n\t\t\t\t\t<\/div>\n\t\t<\/section>\n\t\t\t\t<section class=\"elementor-section elementor-top-section elementor-element elementor-element-0dccc23 elementor-section-boxed elementor-section-height-default elementor-section-height-default\" data-id=\"0dccc23\" data-element_type=\"section\" data-e-type=\"section\">\n\t\t\t\t\t\t<div class=\"elementor-container elementor-column-gap-default\">\n\t\t\t\t\t<div class=\"elementor-column elementor-col-100 elementor-top-column elementor-element elementor-element-6ad3575\" data-id=\"6ad3575\" data-element_type=\"column\" data-e-type=\"column\">\n\t\t\t<div class=\"elementor-widget-wrap elementor-element-populated\">\n\t\t\t\t\t\t<div class=\"elementor-element elementor-element-3880733 elementor-widget elementor-widget-image\" data-id=\"3880733\" data-element_type=\"widget\" data-e-type=\"widget\" data-widget_type=\"image.default\">\n\t\t\t\t<div class=\"elementor-widget-container\">\n\t\t\t\t\t\t\t\t\t\t\t\t\t\t\t<img fetchpriority=\"high\" decoding=\"async\" width=\"1274\" height=\"746\" src=\"https:\/\/kinqiproject.com\/wp-content\/uploads\/2025\/01\/quien-soy-1.jpg\" class=\"attachment-full size-full wp-image-3972\" alt=\"Kinqi project tantra fabi\" srcset=\"https:\/\/kinqiproject.com\/wp-content\/uploads\/2025\/01\/quien-soy-1.jpg 1274w, https:\/\/kinqiproject.com\/wp-content\/uploads\/2025\/01\/quien-soy-1-300x176.jpg 300w, https:\/\/kinqiproject.com\/wp-content\/uploads\/2025\/01\/quien-soy-1-1024x600.jpg 1024w, https:\/\/kinqiproject.com\/wp-content\/uploads\/2025\/01\/quien-soy-1-768x450.jpg 768w, https:\/\/kinqiproject.com\/wp-content\/uploads\/2025\/01\/quien-soy-1-18x12.jpg 18w\" sizes=\"(max-width: 1274px) 100vw, 1274px\">\t\t\t\t\t\t\t\t\t\t\t\t\t\t\t<\/div>\n\t\t\t\t<\/div>\n\t\t\t\t\t<\/div>\n\t\t<\/div>\n\t\t\t\t\t<\/div>\n\t\t<\/section>\n\t\t\t\t<section class=\"elementor-section elementor-top-section elementor-element elementor-element-42d1fa7 elementor-section-boxed elementor-section-height-default elementor-section-height-default\" data-id=\"42d1fa7\" data-element_type=\"section\" data-e-type=\"section\">\n\t\t\t\t\t\t<div class=\"elementor-container elementor-column-gap-default\">\n\t\t\t\t\t<div class=\"elementor-column elementor-col-100 elementor-top-column elementor-element elementor-element-16b1b81\" data-id=\"16b1b81\" data-element_type=\"column\" data-e-type=\"column\">\n\t\t\t<div class=\"elementor-widget-wrap elementor-element-populated\">\n\t\t\t\t\t\t<div class=\"elementor-element elementor-element-93f5caf elementor-widget elementor-widget-text-editor\" data-id=\"93f5caf\" data-element_type=\"widget\" data-e-type=\"widget\" data-widget_type=\"text-editor.default\">\n\t\t\t\t<div class=\"elementor-widget-container\">\n\t\t\t\t\t\t\t\t\t<p><span style=\"font-weight: 400;\">Eu sou Fabiana Charrua (<strong>Fabi Tantra)<\/strong>Sou a fundadora e facilitadora da Kin Qi. A minha paix\u00e3o pela natureza, ci\u00eancia e consci\u00eancia espiritual levou-me a tornar-me uma crian\u00e7a curiosa, uma Mulher Conectada e uma M\u00e3e Consciente.\u00a0<\/span><\/p><p><span style=\"font-weight: 400;\">Trabalho como<\/span><b> Facilitadora de Tantra e Tao, Sex\u00f3loga, Educadora de Sexualidade Consciente<\/b><span style=\"font-weight: 400;\"> para adultos, adolescentes, pessoas com diversidade funcional e suas fam\u00edlias. Para al\u00e9m disso, sou <\/span><b>Consultora de Quiromassagem, Aromaterapia e Cosmetologia Natural<\/b><span style=\"font-weight: 400;\">. Os meus interesses terap\u00eauticos abrangem \u00e1reas como o BDSM, role play, shibari e materiais naturais, e adoro a <\/span><i><span style=\"font-weight: 400;\">artes do teatro som\u00e1tico<\/span><\/i><span style=\"font-weight: 400;\"> como <\/span><i><span style=\"font-weight: 400;\">int\u00e9rprete art\u00edstico<\/span><\/i><span style=\"font-weight: 400;\">.<\/span><span style=\"font-weight: 400;\"><br \/><\/span><span style=\"font-weight: 400;\">Assim, ao alargar o meu olhar e ao afastar-me do foco <\/span><i><span style=\"font-weight: 400;\">nova era<\/span><\/i><span style=\"font-weight: 400;\">utilizando termos mais conceptuais que me tocam a mim e \u00e0 sociedade contempor\u00e2nea.<\/span><\/p><p><span style=\"font-weight: 400;\">Deixem-me partilhar convosco um pouco da minha hist\u00f3ria...<\/span><\/p>\t\t\t\t\t\t\t\t<\/div>\n\t\t\t\t<\/div>\n\t\t\t\t\t<\/div>\n\t\t<\/div>\n\t\t\t\t\t<\/div>\n\t\t<\/section>\n\t\t\t\t<section class=\"elementor-section elementor-top-section elementor-element elementor-element-6450874 elementor-section-boxed elementor-section-height-default elementor-section-height-default\" data-id=\"6450874\" data-element_type=\"section\" data-e-type=\"section\">\n\t\t\t\t\t\t<div class=\"elementor-container elementor-column-gap-default\">\n\t\t\t\t\t<div class=\"elementor-column elementor-col-100 elementor-top-column elementor-element elementor-element-f60460f\" data-id=\"f60460f\" data-element_type=\"column\" data-e-type=\"column\">\n\t\t\t<div class=\"elementor-widget-wrap elementor-element-populated\">\n\t\t\t\t\t\t<div class=\"elementor-element elementor-element-a556daa elementor-widget elementor-widget-image\" data-id=\"a556daa\" data-element_type=\"widget\" data-e-type=\"widget\" data-widget_type=\"image.default\">\n\t\t\t\t<div class=\"elementor-widget-container\">\n\t\t\t\t\t\t\t\t\t\t\t\t\t\t\t<img decoding=\"async\" width=\"2560\" height=\"1692\" src=\"https:\/\/kinqiproject.com\/wp-content\/uploads\/2025\/01\/1694041177439-scaled.jpg\" class=\"attachment-full size-full wp-image-3976\" alt=\"Kinqi project tantra fabi\" srcset=\"https:\/\/kinqiproject.com\/wp-content\/uploads\/2025\/01\/1694041177439-scaled.jpg 2560w, https:\/\/kinqiproject.com\/wp-content\/uploads\/2025\/01\/1694041177439-300x198.jpg 300w, https:\/\/kinqiproject.com\/wp-content\/uploads\/2025\/01\/1694041177439-1024x677.jpg 1024w, https:\/\/kinqiproject.com\/wp-content\/uploads\/2025\/01\/1694041177439-768x508.jpg 768w, https:\/\/kinqiproject.com\/wp-content\/uploads\/2025\/01\/1694041177439-1536x1015.jpg 1536w, https:\/\/kinqiproject.com\/wp-content\/uploads\/2025\/01\/1694041177439-2048x1354.jpg 2048w, https:\/\/kinqiproject.com\/wp-content\/uploads\/2025\/01\/1694041177439-18x12.jpg 18w\" sizes=\"(max-width: 2560px) 100vw, 2560px\">\t\t\t\t\t\t\t\t\t\t\t\t\t\t\t<\/div>\n\t\t\t\t<\/div>\n\t\t\t\t\t<\/div>\n\t\t<\/div>\n\t\t\t\t\t<\/div>\n\t\t<\/section>\n\t\t\t\t<section class=\"elementor-section elementor-top-section elementor-element elementor-element-bb1cc12 elementor-section-boxed elementor-section-height-default elementor-section-height-default\" data-id=\"bb1cc12\" data-element_type=\"section\" data-e-type=\"section\">\n\t\t\t\t\t\t<div class=\"elementor-container elementor-column-gap-default\">\n\t\t\t\t\t<div class=\"elementor-column elementor-col-100 elementor-top-column elementor-element elementor-element-efe669e\" data-id=\"efe669e\" data-element_type=\"column\" data-e-type=\"column\">\n\t\t\t<div class=\"elementor-widget-wrap elementor-element-populated\">\n\t\t\t\t\t\t<div class=\"elementor-element elementor-element-f55bf6f elementor-widget elementor-widget-heading\" data-id=\"f55bf6f\" data-element_type=\"widget\" data-e-type=\"widget\" data-widget_type=\"heading.default\">\n\t\t\t\t<div class=\"elementor-widget-container\">\n\t\t\t\t\t<h2 class=\"elementor-heading-title elementor-size-default\">Um pouco mais sobre mim<\/h2>\t\t\t\t<\/div>\n\t\t\t\t<\/div>\n\t\t\t\t\t<\/div>\n\t\t<\/div>\n\t\t\t\t\t<\/div>\n\t\t<\/section>\n\t\t\t\t<section class=\"elementor-section elementor-top-section elementor-element elementor-element-3968c4d elementor-section-full_width elementor-section-height-default elementor-section-height-default\" data-id=\"3968c4d\" data-element_type=\"section\" data-e-type=\"section\">\n\t\t\t\t\t\t<div class=\"elementor-container elementor-column-gap-default\">\n\t\t\t\t\t<div class=\"elementor-column elementor-col-100 elementor-top-column elementor-element elementor-element-5f5fccb\" data-id=\"5f5fccb\" data-element_type=\"column\" data-e-type=\"column\">\n\t\t\t<div class=\"elementor-widget-wrap elementor-element-populated\">\n\t\t\t\t\t\t<section class=\"elementor-section elementor-inner-section elementor-element elementor-element-5ead722 elementor-section-boxed elementor-section-height-default elementor-section-height-default\" data-id=\"5ead722\" data-element_type=\"section\" data-e-type=\"section\">\n\t\t\t\t\t\t<div class=\"elementor-container elementor-column-gap-default\">\n\t\t\t\t\t<div class=\"elementor-column elementor-col-50 elementor-inner-column elementor-element elementor-element-6c822e9\" data-id=\"6c822e9\" data-element_type=\"column\" data-e-type=\"column\">\n\t\t\t<div class=\"elementor-widget-wrap elementor-element-populated\">\n\t\t\t\t\t\t<div class=\"elementor-element elementor-element-16c5072 elementor-widget elementor-widget-text-editor\" data-id=\"16c5072\" data-element_type=\"widget\" data-e-type=\"widget\" data-widget_type=\"text-editor.default\">\n\t\t\t\t<div class=\"elementor-widget-container\">\n\t\t\t\t\t\t\t\t\t<p><span style=\"font-weight: 400;\">Nascida num matriarcado, cresci na bela aldeia de Tr\u00e1s-os-Montes, Vimioso, Portugal. Em crian\u00e7a, gostava de tocar e massajar a minha m\u00e3e e as minhas irm\u00e3s \u00e0 lareira. A minha explora\u00e7\u00e3o centrava-se na beleza dos pormenores e nas \"imperfei\u00e7\u00f5es perfeitas\". A liga\u00e7\u00e3o que experimentei ao tocar e cuidar dos outros levou-me a compreender uma comunica\u00e7\u00e3o para al\u00e9m da verbal, sem inten\u00e7\u00f5es sexuais.<\/span><\/p><p><span style=\"font-weight: 400;\">Apaixonada pela natureza e pela ci\u00eancia, estudei Ci\u00eancias do Mar e Biologia na Universidade do Algarve, Portugal. No entanto, um dia voltei \u00e0s mem\u00f3rias de inf\u00e2ncia e senti que a minha verdadeira paix\u00e3o era o contacto humano e o poder da massagem. Assim, formei-me como <\/span><b>Massagista, Terapeuta Termal e Terapeuta de Balneoterapia<\/b><span style=\"font-weight: 400;\">, Sou apaixonada por massagem californiana, drenagem linf\u00e1tica e massagem facial.<\/span><\/p><p><span style=\"font-weight: 400;\">Trabalhei em spas, centros geot\u00e9rmicos e cl\u00ednicas de dermocosm\u00e9tica, mas sentia que faltava algo.<\/span><\/p>\t\t\t\t\t\t\t\t<\/div>\n\t\t\t\t<\/div>\n\t\t\t\t\t<\/div>\n\t\t<\/div>\n\t\t\t\t<div class=\"elementor-column elementor-col-50 elementor-inner-column elementor-element elementor-element-01797f1\" data-id=\"01797f1\" data-element_type=\"column\" data-e-type=\"column\">\n\t\t\t<div class=\"elementor-widget-wrap elementor-element-populated\">\n\t\t\t\t\t\t<div class=\"elementor-element elementor-element-5e36973 elementor-widget elementor-widget-text-editor\" data-id=\"5e36973\" data-element_type=\"widget\" data-e-type=\"widget\" data-widget_type=\"text-editor.default\">\n\t\t\t\t<div class=\"elementor-widget-container\">\n\t\t\t\t\t\t\t\t\t<p><span style=\"font-weight: 400;\">A minha perce\u00e7\u00e3o do ser humano expandiu-se para al\u00e9m do corpo f\u00edsico,\u00a0 <\/span><b>a minha liga\u00e7\u00e3o \u00e0 energia e abertura emocional do outro atrav\u00e9s do contacto consciente<\/b><span style=\"font-weight: 400;\"> levou-me a um novo projeto. Juntei-me \u00e0 cria\u00e7\u00e3o de um <\/span><b>Resid\u00eancia Experimental e Experiencial-Laborat\u00f3rio,<\/b><span style=\"font-weight: 400;\"> dedicado \u00e0 educa\u00e7\u00e3o alternativa e aos estudos interdisciplinares.<\/span><\/p><p><span style=\"font-weight: 400;\">Em 2012, fui convidada pessoalmente por Petter Hegre, um fot\u00f3grafo noruegu\u00eas, para trabalhar no seu est\u00fadio fotogr\u00e1fico em Sitges, Barcelona, especializando-se numa nova perspetiva er\u00f3tica. Durante 4 anos, estive <\/span><b>Terapeuta de massagens, Terapeuta t\u00e2ntrico<\/b><span style=\"font-weight: 400;\"> e criador de conte\u00fados, mergulhando no mundo da <\/span><b>T\u00e9cnicas de descoberta do tantra, Tao sexual<\/b><span style=\"font-weight: 400;\"> e novas formas de express\u00e3o er\u00f3tica.<\/span><\/p><p><span style=\"font-weight: 400;\">Depois de acompanhar pessoas de todo o mundo no seu crescimento pessoal, decidi embarcar numa nova etapa: a maternidade. Esta viagem levou-me a uma busca cont\u00ednua de honestidade, compaix\u00e3o, \u00eaxtase e desapego, permitindo-me conhecer-me melhor e abra\u00e7ar a minha autenticidade.<\/span><\/p>\t\t\t\t\t\t\t\t<\/div>\n\t\t\t\t<\/div>\n\t\t\t\t\t<\/div>\n\t\t<\/div>\n\t\t\t\t\t<\/div>\n\t\t<\/section>\n\t\t\t\t\t<\/div>\n\t\t<\/div>\n\t\t\t\t\t<\/div>\n\t\t<\/section>\n\t\t\t\t<section class=\"elementor-section elementor-top-section elementor-element elementor-element-b9eafb9 elementor-section-boxed elementor-section-height-default elementor-section-height-default\" data-id=\"b9eafb9\" data-element_type=\"section\" data-e-type=\"section\">\n\t\t\t\t\t\t<div class=\"elementor-container elementor-column-gap-default\">\n\t\t\t\t\t<div class=\"elementor-column elementor-col-100 elementor-top-column elementor-element elementor-element-8c4bced\" data-id=\"8c4bced\" data-element_type=\"column\" data-e-type=\"column\">\n\t\t\t<div class=\"elementor-widget-wrap elementor-element-populated\">\n\t\t\t\t\t\t<div class=\"elementor-element elementor-element-40395f5 elementor-widget elementor-widget-image\" data-id=\"40395f5\" data-element_type=\"widget\" data-e-type=\"widget\" data-widget_type=\"image.default\">\n\t\t\t\t<div class=\"elementor-widget-container\">\n\t\t\t\t\t\t\t\t\t\t\t\t\t\t\t<img decoding=\"async\" width=\"2560\" height=\"1707\" src=\"https:\/\/kinqiproject.com\/wp-content\/uploads\/2025\/01\/1687000051379-scaled.jpg\" class=\"attachment-full size-full wp-image-3978\" alt=\"Terapeuta de massagens, Terapeuta t\u00e2ntrico\" srcset=\"https:\/\/kinqiproject.com\/wp-content\/uploads\/2025\/01\/1687000051379-scaled.jpg 2560w, https:\/\/kinqiproject.com\/wp-content\/uploads\/2025\/01\/1687000051379-300x200.jpg 300w, https:\/\/kinqiproject.com\/wp-content\/uploads\/2025\/01\/1687000051379-1024x683.jpg 1024w, https:\/\/kinqiproject.com\/wp-content\/uploads\/2025\/01\/1687000051379-768x512.jpg 768w, https:\/\/kinqiproject.com\/wp-content\/uploads\/2025\/01\/1687000051379-1536x1024.jpg 1536w, https:\/\/kinqiproject.com\/wp-content\/uploads\/2025\/01\/1687000051379-2048x1365.jpg 2048w, https:\/\/kinqiproject.com\/wp-content\/uploads\/2025\/01\/1687000051379-18x12.jpg 18w\" sizes=\"(max-width: 2560px) 100vw, 2560px\" \/>\t\t\t\t\t\t\t\t\t\t\t\t\t\t\t<\/div>\n\t\t\t\t<\/div>\n\t\t\t\t\t<\/div>\n\t\t<\/div>\n\t\t\t\t\t<\/div>\n\t\t<\/section>\n\t\t\t\t<section class=\"elementor-section elementor-top-section elementor-element elementor-element-e4dd1c8 elementor-section-boxed elementor-section-height-default elementor-section-height-default\" data-id=\"e4dd1c8\" data-element_type=\"section\" data-e-type=\"section\">\n\t\t\t\t\t\t<div class=\"elementor-container elementor-column-gap-default\">\n\t\t\t\t\t<div class=\"elementor-column elementor-col-100 elementor-top-column elementor-element elementor-element-1f45701\" data-id=\"1f45701\" data-element_type=\"column\" data-e-type=\"column\">\n\t\t\t<div class=\"elementor-widget-wrap elementor-element-populated\">\n\t\t\t\t\t\t<div class=\"elementor-element elementor-element-3f050bb elementor-widget elementor-widget-text-editor\" data-id=\"3f050bb\" data-element_type=\"widget\" data-e-type=\"widget\" data-widget_type=\"text-editor.default\">\n\t\t\t\t<div class=\"elementor-widget-container\">\n\t\t\t\t\t\t\t\t\t<p><span style=\"font-weight: 400;\">Seis anos ininterruptos de maternidade e amamenta\u00e7\u00e3o fizeram emergir em mim uma mulher forte e s\u00e1bia. O meu interesse por uma vida n\u00e3o t\u00f3xica levou-me a explorar a aromaterapia, a conectar-me com as propriedades das plantas medicinais e a partilhar este conhecimento com outras mulheres e fam\u00edlias.<\/span><\/p><p><span style=\"font-weight: 400;\">O meu desejo \u00e9 partilhar ferramentas que me ajudaram na minha busca de alegria, magia e liberdade. Complementando a minha experi\u00eancia, obtive uma <\/span><b>P\u00f3s-gradua\u00e7\u00e3o em Sexologia e Educa\u00e7\u00e3o em Sexualidade para Adolescentes e Pessoas com Defici\u00eancia<\/b><span style=\"font-weight: 400;\">. Trabalho para sensibilizar os jovens e as crian\u00e7as para a educa\u00e7\u00e3o sexual e defendo os direitos sexuais das pessoas com defici\u00eancia.<\/span><\/p><p><span style=\"font-weight: 400;\"><br \/><\/span><span style=\"font-weight: 400;\">Nos \u00faltimos 2 anos, formei <\/span><b>em Sexualidade Integrativa<\/b><span style=\"font-weight: 400;\">, explorando v\u00e1rias disciplinas como BDSM, Shibari, Psicodan\u00e7a, Arte-Terapia, Drama Teatral, Sexologia Cl\u00ednica e Diversidade Sexual e de G\u00e9nero.<\/span><\/p><p><span style=\"font-weight: 400;\">Convido-vos a descobrir <\/span><b>Kin-Qi<\/b><span style=\"font-weight: 400;\">, um projeto que nasce da minha luta por um mundo mais consciente e respeitador. Acompanho o ser humano para que ele possa desdobrar a alegria e a magia da sua autenticidade, para que possa participar no desabrochar e no despertar do seu potencial.<\/span><\/p><p><span style=\"font-weight: 400;\"><br \/><\/span><span style=\"font-weight: 400;\">Explore as diferentes experi\u00eancias que ofere\u00e7o e ou\u00e7a dentro de si o que funciona para si agora.<\/span><\/p><p><em><span style=\"font-weight: 400;\">Abra\u00e7o mimado, <br \/><\/span><\/em><span style=\"font-weight: 400;\">Fabiana Charrua - Fabi Tantra<\/span><\/p>\t\t\t\t\t\t\t\t<\/div>\n\t\t\t\t<\/div>\n\t\t\t\t\t<\/div>\n\t\t<\/div>\n\t\t\t\t\t<\/div>\n\t\t<\/section>\n\t\t\t\t<\/div>","protected":false},"excerpt":{"rendered":"<p>\u00bfQui\u00e9n soy? Soy Fabiana Charrua (Fabi Tantra), la fundadora y facilitadora de Kin Qi. Mi pasi\u00f3n por la naturaleza, la ciencia y la consciencia espiritual me ha llevado a convertirme en una ni\u00f1a curiosa, una Mujer Conectada y una Madre Consciente.\u00a0 Me desempe\u00f1o como Facilitadora de Tantra y Tao, Sex\u00f3loga, Educadora de Sexualidad Consciente para [&hellip;]<\/p>\n","protected":false},"author":1,"featured_media":0,"parent":0,"menu_order":0,"comment_status":"open","ping_status":"closed","template":"elementor_header_footer","meta":{"footnotes":""},"class_list":["post-405","page","type-page","status-publish","hentry"],"_links":{"self":[{"href":"https:\/\/kinqiproject.com\/pt\/wp-json\/wp\/v2\/pages\/405","targetHints":{"allow":["GET"]}}],"collection":[{"href":"https:\/\/kinqiproject.com\/pt\/wp-json\/wp\/v2\/pages"}],"about":[{"href":"https:\/\/kinqiproject.com\/pt\/wp-json\/wp\/v2\/types\/page"}],"author":[{"embeddable":true,"href":"https:\/\/kinqiproject.com\/pt\/wp-json\/wp\/v2\/users\/1"}],"replies":[{"embeddable":true,"href":"https:\/\/kinqiproject.com\/pt\/wp-json\/wp\/v2\/comments?post=405"}],"version-history":[{"count":53,"href":"https:\/\/kinqiproject.com\/pt\/wp-json\/wp\/v2\/pages\/405\/revisions"}],"predecessor-version":[{"id":4174,"href":"https:\/\/kinqiproject.com\/pt\/wp-json\/wp\/v2\/pages\/405\/revisions\/4174"}],"wp:attachment":[{"href":"https:\/\/kinqiproject.com\/pt\/wp-json\/wp\/v2\/media?parent=405"}],"curies":[{"name":"wp","href":"https:\/\/api.w.org\/{rel}","templated":true}]}}