{"id":3074,"date":"2024-09-25T09:09:27","date_gmt":"2024-09-25T07:09:27","guid":{"rendered":"https:\/\/kinqiproject.com\/?page_id=3074"},"modified":"2024-11-20T14:08:21","modified_gmt":"2024-11-20T12:08:21","slug":"politica-de-cookies","status":"publish","type":"page","link":"https:\/\/kinqiproject.com\/pt\/politica-de-cookies\/","title":{"rendered":"Pol\u00edtica de cookies"},"content":{"rendered":"<div data-elementor-type=\"wp-page\" data-elementor-id=\"3074\" class=\"elementor elementor-3074\">\n\t\t\t\t\t\t<section class=\"elementor-section elementor-top-section elementor-element elementor-element-a199d3a elementor-section-boxed elementor-section-height-default elementor-section-height-default\" data-id=\"a199d3a\" data-element_type=\"section\" data-e-type=\"section\">\n\t\t\t\t\t\t<div class=\"elementor-container elementor-column-gap-default\">\n\t\t\t\t\t<div class=\"elementor-column elementor-col-100 elementor-top-column elementor-element elementor-element-bb2cb3d\" data-id=\"bb2cb3d\" data-element_type=\"column\" data-e-type=\"column\">\n\t\t\t<div class=\"elementor-widget-wrap elementor-element-populated\">\n\t\t\t\t\t\t<div class=\"elementor-element elementor-element-f6d2121 elementor-widget elementor-widget-heading\" data-id=\"f6d2121\" data-element_type=\"widget\" data-e-type=\"widget\" data-widget_type=\"heading.default\">\n\t\t\t\t<div class=\"elementor-widget-container\">\n\t\t\t\t\t<h2 class=\"elementor-heading-title elementor-size-default\">Pol\u00edtica de Cookies<\/h2>\t\t\t\t<\/div>\n\t\t\t\t<\/div>\n\t\t\t\t\t<\/div>\n\t\t<\/div>\n\t\t\t\t\t<\/div>\n\t\t<\/section>\n\t\t\t\t<section class=\"elementor-section elementor-top-section elementor-element elementor-element-7eeb738f elementor-section-boxed elementor-section-height-default elementor-section-height-default\" data-id=\"7eeb738f\" data-element_type=\"section\" data-e-type=\"section\">\n\t\t\t\t\t\t<div class=\"elementor-container elementor-column-gap-default\">\n\t\t\t\t\t<div class=\"elementor-column elementor-col-100 elementor-top-column elementor-element elementor-element-1e0140c4\" data-id=\"1e0140c4\" data-element_type=\"column\" data-e-type=\"column\">\n\t\t\t<div class=\"elementor-widget-wrap elementor-element-populated\">\n\t\t\t\t\t\t<div class=\"elementor-element elementor-element-64bd971a elementor-widget elementor-widget-text-editor\" data-id=\"64bd971a\" data-element_type=\"widget\" data-e-type=\"widget\" data-widget_type=\"text-editor.default\">\n\t\t\t\t<div class=\"elementor-widget-container\">\n\t\t\t\t\t\t\t\t\t\n<p>En Kinqi Project, utilizamos cookies para mejorar tu experiencia de navegaci\u00f3n y analizar el uso de nuestro sitio web. Esta Pol\u00edtica de Cookies explica qu\u00e9 son las cookies, c\u00f3mo las utilizamos, qu\u00e9 tipos de cookies utilizamos y c\u00f3mo puedes gestionar tus preferencias.<\/p>\n<h2>1. <strong>\u00bfQu\u00e9 son las Cookies?<\/strong><\/h2>\n<p>Las cookies son peque\u00f1os archivos de texto que se almacenan en tu dispositivo (computadora, tablet o tel\u00e9fono m\u00f3vil) cuando visitas un sitio web. Estas cookies permiten que el sitio recuerde tus acciones y preferencias (como el inicio de sesi\u00f3n, el idioma, el tama\u00f1o de la fuente y otras preferencias de visualizaci\u00f3n) durante un per\u00edodo de tiempo, de modo que no tengas que volver a configurarlas cada vez que regreses al sitio.<\/p>\n<h2>2. <strong>\u00bfPor qu\u00e9 Usamos Cookies?<\/strong><\/h2>\n<p>Utilizamos cookies por diversas razones, incluyendo:<\/p>\n<ul>\n<li><strong>Mejorar la Experiencia del Usuario<\/strong>: Las cookies nos ayudan a personalizar el contenido y los anuncios, ofrecer funciones de redes sociales y analizar el tr\u00e1fico del sitio.<\/li>\n<li><strong>An\u00e1lisis del Sitio Web<\/strong>: Utilizamos cookies para recopilar informaci\u00f3n sobre c\u00f3mo los visitantes utilizan nuestro sitio, lo que nos ayuda a mejorar su funcionalidad y contenido.<\/li>\n<\/ul>\n<h2>3. <strong>Tipos de Cookies que Utilizamos<\/strong><\/h2>\n<h3>3.1. <strong>Cookies de Sesi\u00f3n<\/strong><\/h3>\n<p>Estas cookies son temporales y se eliminan una vez que cierras tu navegador. Nos permiten rastrear tu uso del sitio durante tu visita.<\/p>\n<h3>3.2. <strong>Cookies Persistentes<\/strong><\/h3>\n<p>Estas cookies permanecen en tu dispositivo durante un per\u00edodo espec\u00edfico o hasta que las eliminas. Se utilizan para recordar tus preferencias y acciones en el sitio.<\/p>\n<h3>3.3. <strong>Cookies de An\u00e1lisis<\/strong><\/h3>\n<p>Utilizamos cookies de Google Analytics para recopilar informaci\u00f3n sobre c\u00f3mo los usuarios interact\u00faan con nuestro sitio web. Esta informaci\u00f3n es an\u00f3nima y nos ayuda a entender c\u00f3mo mejorar nuestros servicios.<\/p>\n<h2>4. <strong>Gesti\u00f3n de Cookies<\/strong><\/h2>\n<p>Puedes gestionar tus preferencias de cookies a trav\u00e9s de la configuraci\u00f3n de tu navegador. A continuaci\u00f3n, te mostramos c\u00f3mo puedes hacerlo en los navegadores m\u00e1s comunes:<\/p>\n<ul>\n<li><strong>Google Chrome<\/strong>: <a target=\"_new\" rel=\"noopener\">Instrucciones<\/a><\/li>\n<li><strong>Mozilla Firefox<\/strong>: <a href=\"https:\/\/support.mozilla.org\/es\/kb\/habilitar-y-deshabilitar-cookies-que-los-sitios-web\" target=\"_new\" rel=\"noopener nofollow\">Instrucciones<\/a><\/li>\n<li><strong>Safari<\/strong>: <a href=\"https:\/\/support.apple.com\/es-es\/HT201265\" target=\"_new\" rel=\"noopener nofollow\">Instrucciones<\/a><\/li>\n<li><strong>Microsoft Edge<\/strong>: <a href=\"https:\/\/support.microsoft.com\/es-es\/help\/4468242\/microsoft-edge-browsing-data-and-privacy\" target=\"_new\" rel=\"noopener nofollow\">Instrucciones<\/a><\/li>\n<\/ul>\n<p>Ten en cuenta que si decides desactivar las cookies, esto puede afectar la funcionalidad del sitio y limitar tu experiencia de usuario.<\/p>\n<h2>5. <strong>Cambios a esta Pol\u00edtica de Cookies<\/strong><\/h2>\n<p>Nos reservamos el derecho de modificar esta Pol\u00edtica de Cookies en cualquier momento. Cualquier cambio ser\u00e1 publicado en esta p\u00e1gina y entrar\u00e1 en vigor de inmediato. Te recomendamos que revises esta pol\u00edtica peri\u00f3dicamente para estar al tanto de cualquier actualizaci\u00f3n.<\/p>\n<h2>6. <strong>Contato<\/strong><\/h2>\n<p>Si tienes preguntas sobre nuestra Pol\u00edtica de Cookies, por favor cont\u00e1ctanos a trav\u00e9s del <a href=\"https:\/\/kinqiproject.com\/pt\/contact\/\">formul\u00e1rio de contacto.<\/a><\/p>\n\t\t\t\t\t\t\t\t<\/div>\n\t\t\t\t<\/div>\n\t\t\t\t\t<\/div>\n\t\t<\/div>\n\t\t\t\t\t<\/div>\n\t\t<\/section>\n\t\t\t\t<\/div>","protected":false},"excerpt":{"rendered":"<p>Pol\u00edtica de Cookies En Kinqi Project, utilizamos cookies para mejorar tu experiencia de navegaci\u00f3n y analizar el uso de nuestro sitio web. Esta Pol\u00edtica de Cookies explica qu\u00e9 son las cookies, c\u00f3mo las utilizamos, qu\u00e9 tipos de cookies utilizamos y c\u00f3mo puedes gestionar tus preferencias. 1. \u00bfQu\u00e9 son las Cookies? Las cookies son peque\u00f1os archivos [&hellip;]<\/p>\n","protected":false},"author":1,"featured_media":0,"parent":0,"menu_order":0,"comment_status":"closed","ping_status":"closed","template":"elementor_header_footer","meta":{"footnotes":""},"class_list":["post-3074","page","type-page","status-publish","hentry"],"_links":{"self":[{"href":"https:\/\/kinqiproject.com\/pt\/wp-json\/wp\/v2\/pages\/3074","targetHints":{"allow":["GET"]}}],"collection":[{"href":"https:\/\/kinqiproject.com\/pt\/wp-json\/wp\/v2\/pages"}],"about":[{"href":"https:\/\/kinqiproject.com\/pt\/wp-json\/wp\/v2\/types\/page"}],"author":[{"embeddable":true,"href":"https:\/\/kinqiproject.com\/pt\/wp-json\/wp\/v2\/users\/1"}],"replies":[{"embeddable":true,"href":"https:\/\/kinqiproject.com\/pt\/wp-json\/wp\/v2\/comments?post=3074"}],"version-history":[{"count":7,"href":"https:\/\/kinqiproject.com\/pt\/wp-json\/wp\/v2\/pages\/3074\/revisions"}],"predecessor-version":[{"id":3806,"href":"https:\/\/kinqiproject.com\/pt\/wp-json\/wp\/v2\/pages\/3074\/revisions\/3806"}],"wp:attachment":[{"href":"https:\/\/kinqiproject.com\/pt\/wp-json\/wp\/v2\/media?parent=3074"}],"curies":[{"name":"wp","href":"https:\/\/api.w.org\/{rel}","templated":true}]}}