{"id":95,"date":"2021-09-19T12:04:45","date_gmt":"2021-09-19T12:04:45","guid":{"rendered":"http:\/\/kinqiproject.com\/?page_id=95"},"modified":"2024-11-20T14:09:05","modified_gmt":"2024-11-20T12:09:05","slug":"politica-de-privacidad","status":"publish","type":"page","link":"https:\/\/kinqiproject.com\/fr\/politica-de-privacidad\/","title":{"rendered":"Politique de confidentialit\u00e9"},"content":{"rendered":"<div data-elementor-type=\"wp-page\" data-elementor-id=\"95\" class=\"elementor elementor-95\">\n\t\t\t\t\t\t<section class=\"elementor-section elementor-top-section elementor-element elementor-element-a199d3a elementor-section-boxed elementor-section-height-default elementor-section-height-default\" data-id=\"a199d3a\" data-element_type=\"section\" data-e-type=\"section\">\n\t\t\t\t\t\t<div class=\"elementor-container elementor-column-gap-default\">\n\t\t\t\t\t<div class=\"elementor-column elementor-col-100 elementor-top-column elementor-element elementor-element-bb2cb3d\" data-id=\"bb2cb3d\" data-element_type=\"column\" data-e-type=\"column\">\n\t\t\t<div class=\"elementor-widget-wrap elementor-element-populated\">\n\t\t\t\t\t\t<div class=\"elementor-element elementor-element-f6d2121 elementor-widget elementor-widget-heading\" data-id=\"f6d2121\" data-element_type=\"widget\" data-e-type=\"widget\" data-widget_type=\"heading.default\">\n\t\t\t\t<div class=\"elementor-widget-container\">\n\t\t\t\t\t<h2 class=\"elementor-heading-title elementor-size-default\">Pol\u00edtica de Privacidad<\/h2>\t\t\t\t<\/div>\n\t\t\t\t<\/div>\n\t\t\t\t\t<\/div>\n\t\t<\/div>\n\t\t\t\t\t<\/div>\n\t\t<\/section>\n\t\t\t\t<section class=\"elementor-section elementor-top-section elementor-element elementor-element-7eeb738f elementor-section-boxed elementor-section-height-default elementor-section-height-default\" data-id=\"7eeb738f\" data-element_type=\"section\" data-e-type=\"section\">\n\t\t\t\t\t\t<div class=\"elementor-container elementor-column-gap-default\">\n\t\t\t\t\t<div class=\"elementor-column elementor-col-100 elementor-top-column elementor-element elementor-element-1e0140c4\" data-id=\"1e0140c4\" data-element_type=\"column\" data-e-type=\"column\">\n\t\t\t<div class=\"elementor-widget-wrap elementor-element-populated\">\n\t\t\t\t\t\t<div class=\"elementor-element elementor-element-64bd971a elementor-widget elementor-widget-text-editor\" data-id=\"64bd971a\" data-element_type=\"widget\" data-e-type=\"widget\" data-widget_type=\"text-editor.default\">\n\t\t\t\t<div class=\"elementor-widget-container\">\n\t\t\t\t\t\t\t\t\t\n<p>En Kinqi Project, respetamos tu privacidad y estamos comprometidos con la protecci\u00f3n de tus datos personales. Esta Pol\u00edtica de Privacidad describe c\u00f3mo recopilamos, utilizamos y compartimos tu informaci\u00f3n cuando visitas nuestro sitio web.<\/p>\n<h3>1. <strong>Informaci\u00f3n que Recopilamos<\/strong><\/h3>\n<p><strong>1.1. Informaci\u00f3n Personal<\/strong><\/p>\n<p>No recopilamos informaci\u00f3n personal identificable como nombre, direcci\u00f3n, correo electr\u00f3nico o n\u00famero de tel\u00e9fono, a menos que la proporciones voluntariamente a trav\u00e9s de formularios o registros en el sitio.<\/p>\n<p><strong>1.2. Informaci\u00f3n de Uso<\/strong><\/p>\n<p>Cuando visitas nuestro sitio web, recopilamos autom\u00e1ticamente cierta informaci\u00f3n sobre tu dispositivo y uso del sitio, como tu direcci\u00f3n IP, tipo de navegador, idioma del navegador, p\u00e1ginas visitadas y la fecha y hora de tu visita. Esta informaci\u00f3n se recopila a trav\u00e9s de cookies.<\/p>\n<h3>2. <strong>Uso de Cookies<\/strong><\/h3>\n<p><strong>2.1. \u00bfQu\u00e9 son las Cookies?<\/strong><\/p>\n<p>Las cookies son peque\u00f1os archivos de texto que se almacenan en tu dispositivo cuando visitas nuestro sitio web. Estas cookies permiten que el sitio recuerde tus acciones y preferencias durante un per\u00edodo de tiempo, mejorando tu experiencia de navegaci\u00f3n.<\/p>\n<p><strong>2.2. Cookies que Utilizamos<\/strong><\/p>\n<p>En Kinqi Project, utilizamos cookies de seguimiento proporcionadas por Google Analytics y Google Search Console. Estas cookies nos ayudan a analizar c\u00f3mo los visitantes usan nuestro sitio, lo que nos permite mejorar nuestros servicios y la experiencia del usuario.<\/p>\n<h4><strong>Google Analytics<\/strong><\/h4>\n<p>Las cookies de Google Analytics recopilan informaci\u00f3n sobre tu uso del sitio web, como las p\u00e1ginas que visitas, el tiempo que pasas en ellas y c\u00f3mo llegaste a nuestro sitio. Esta informaci\u00f3n es an\u00f3nima y se utiliza exclusivamente para mejorar la funcionalidad del sitio.<\/p>\n<h4><strong>Google Search Console<\/strong><\/h4>\n<p>Google Search Console utiliza cookies para ayudarnos a comprender c\u00f3mo los usuarios encuentran nuestro sitio web en los motores de b\u00fasqueda, lo que nos permite optimizar nuestro contenido para mejorar la visibilidad en las b\u00fasquedas.<\/p>\n<p><strong>2.3. Gesti\u00f3n de Cookies<\/strong><\/p>\n<p>Puedes gestionar el uso de cookies a trav\u00e9s de la configuraci\u00f3n de tu navegador. Tienes la opci\u00f3n de bloquear o eliminar las cookies, pero ten en cuenta que esto podr\u00eda afectar la funcionalidad de nuestro sitio web y limitar tu experiencia de usuario.<\/p>\n<h3>3. <strong>Uso de la Informaci\u00f3n<\/strong><\/h3>\n<p>La informaci\u00f3n que recopilamos se utiliza para:<\/p>\n<ul>\n<li>Mejorar el contenido y la funcionalidad del sitio web.<\/li>\n<li>Analizar el tr\u00e1fico y las tendencias del sitio.<\/li>\n<li>Optimizar la visibilidad en los motores de b\u00fasqueda.<\/li>\n<\/ul>\n<p>No compartimos, vendemos ni alquilamos tu informaci\u00f3n personal a terceros, excepto en los casos en los que estemos obligados por ley o para proteger nuestros derechos legales.<\/p>\n<h3>4. <strong>Seguridad de la Informaci\u00f3n<\/strong><\/h3>\n<p>Kinqi Project toma medidas razonables para proteger la informaci\u00f3n recopilada contra el acceso no autorizado, la divulgaci\u00f3n, alteraci\u00f3n o destrucci\u00f3n. Sin embargo, ning\u00fan m\u00e9todo de transmisi\u00f3n por Internet o almacenamiento electr\u00f3nico es 100% seguro, por lo que no podemos garantizar la seguridad absoluta de la informaci\u00f3n.<\/p>\n<h3>5. <strong>Enlaces a Otros Sitios<\/strong><\/h3>\n<p>Nuestro sitio web puede contener enlaces a sitios web de terceros. No somos responsables de las pr\u00e1cticas de privacidad de estos sitios y te recomendamos revisar sus pol\u00edticas de privacidad antes de proporcionarles cualquier informaci\u00f3n personal.<\/p>\n<h3>6. <strong>Cambios a esta Pol\u00edtica de Privacidad<\/strong><\/h3>\n<p>Nos reservamos el derecho de actualizar esta Pol\u00edtica de Privacidad en cualquier momento. Cualquier cambio ser\u00e1 publicado en esta p\u00e1gina y entrar\u00e1 en vigor de inmediato. Te recomendamos que revises esta pol\u00edtica peri\u00f3dicamente para estar al tanto de cualquier actualizaci\u00f3n.<\/p>\n<h3>7. <strong>Contact<\/strong><\/h3>\n<p>Si tienes alguna pregunta o inquietud sobre nuestra Pol\u00edtica de Privacidad, o si deseas ejercer tus derechos de acceso, rectificaci\u00f3n o eliminaci\u00f3n de datos, por favor cont\u00e1ctanos a trav\u00e9s del<a href=\"https:\/\/kinqiproject.com\/fr\/contact\/\"> formulario de contacto.\u00a0<\/a><\/p>\n\t\t\t\t\t\t\t\t<\/div>\n\t\t\t\t<\/div>\n\t\t\t\t\t<\/div>\n\t\t<\/div>\n\t\t\t\t\t<\/div>\n\t\t<\/section>\n\t\t\t\t<\/div>","protected":false},"excerpt":{"rendered":"<p>Pol\u00edtica de Privacidad En Kinqi Project, respetamos tu privacidad y estamos comprometidos con la protecci\u00f3n de tus datos personales. Esta Pol\u00edtica de Privacidad describe c\u00f3mo recopilamos, utilizamos y compartimos tu informaci\u00f3n cuando visitas nuestro sitio web. 1. Informaci\u00f3n que Recopilamos 1.1. Informaci\u00f3n Personal No recopilamos informaci\u00f3n personal identificable como nombre, direcci\u00f3n, correo electr\u00f3nico o n\u00famero [&hellip;]<\/p>\n","protected":false},"author":1,"featured_media":0,"parent":0,"menu_order":0,"comment_status":"closed","ping_status":"closed","template":"elementor_header_footer","meta":{"footnotes":""},"class_list":["post-95","page","type-page","status-publish","hentry"],"_links":{"self":[{"href":"https:\/\/kinqiproject.com\/fr\/wp-json\/wp\/v2\/pages\/95","targetHints":{"allow":["GET"]}}],"collection":[{"href":"https:\/\/kinqiproject.com\/fr\/wp-json\/wp\/v2\/pages"}],"about":[{"href":"https:\/\/kinqiproject.com\/fr\/wp-json\/wp\/v2\/types\/page"}],"author":[{"embeddable":true,"href":"https:\/\/kinqiproject.com\/fr\/wp-json\/wp\/v2\/users\/1"}],"replies":[{"embeddable":true,"href":"https:\/\/kinqiproject.com\/fr\/wp-json\/wp\/v2\/comments?post=95"}],"version-history":[{"count":11,"href":"https:\/\/kinqiproject.com\/fr\/wp-json\/wp\/v2\/pages\/95\/revisions"}],"predecessor-version":[{"id":3809,"href":"https:\/\/kinqiproject.com\/fr\/wp-json\/wp\/v2\/pages\/95\/revisions\/3809"}],"wp:attachment":[{"href":"https:\/\/kinqiproject.com\/fr\/wp-json\/wp\/v2\/media?parent=95"}],"curies":[{"name":"wp","href":"https:\/\/api.w.org\/{rel}","templated":true}]}}