{"id":405,"date":"2020-02-23T05:13:21","date_gmt":"2020-02-23T05:13:21","guid":{"rendered":"http:\/\/localhost\/Varsity\/?page_id=52"},"modified":"2025-01-13T03:00:13","modified_gmt":"2025-01-13T01:00:13","slug":"fabiana-charrua","status":"publish","type":"page","link":"https:\/\/kinqiproject.com\/fr\/fabiana-charrua\/","title":{"rendered":"Qui je suis"},"content":{"rendered":"<div data-elementor-type=\"wp-page\" data-elementor-id=\"405\" class=\"elementor elementor-405\">\n\t\t\t\t\t\t<section class=\"elementor-section elementor-top-section elementor-element elementor-element-5629646 elementor-section-boxed elementor-section-height-default elementor-section-height-default\" data-id=\"5629646\" data-element_type=\"section\" data-e-type=\"section\">\n\t\t\t\t\t\t<div class=\"elementor-container elementor-column-gap-default\">\n\t\t\t\t\t<div class=\"elementor-column elementor-col-100 elementor-top-column elementor-element elementor-element-b680205\" data-id=\"b680205\" data-element_type=\"column\" data-e-type=\"column\">\n\t\t\t<div class=\"elementor-widget-wrap elementor-element-populated\">\n\t\t\t\t\t\t<div class=\"elementor-element elementor-element-49cedf5 elementor-widget elementor-widget-heading\" data-id=\"49cedf5\" data-element_type=\"widget\" data-e-type=\"widget\" data-widget_type=\"heading.default\">\n\t\t\t\t<div class=\"elementor-widget-container\">\n\t\t\t\t\t<h1 class=\"elementor-heading-title elementor-size-default\">\u00bfQui\u00e9n soy?<\/h1>\t\t\t\t<\/div>\n\t\t\t\t<\/div>\n\t\t\t\t\t<\/div>\n\t\t<\/div>\n\t\t\t\t\t<\/div>\n\t\t<\/section>\n\t\t\t\t<section class=\"elementor-section elementor-top-section elementor-element elementor-element-0dccc23 elementor-section-boxed elementor-section-height-default elementor-section-height-default\" data-id=\"0dccc23\" data-element_type=\"section\" data-e-type=\"section\">\n\t\t\t\t\t\t<div class=\"elementor-container elementor-column-gap-default\">\n\t\t\t\t\t<div class=\"elementor-column elementor-col-100 elementor-top-column elementor-element elementor-element-6ad3575\" data-id=\"6ad3575\" data-element_type=\"column\" data-e-type=\"column\">\n\t\t\t<div class=\"elementor-widget-wrap elementor-element-populated\">\n\t\t\t\t\t\t<div class=\"elementor-element elementor-element-3880733 elementor-widget elementor-widget-image\" data-id=\"3880733\" data-element_type=\"widget\" data-e-type=\"widget\" data-widget_type=\"image.default\">\n\t\t\t\t<div class=\"elementor-widget-container\">\n\t\t\t\t\t\t\t\t\t\t\t\t\t\t\t<img fetchpriority=\"high\" decoding=\"async\" width=\"1274\" height=\"746\" src=\"https:\/\/kinqiproject.com\/wp-content\/uploads\/2025\/01\/quien-soy-1.jpg\" class=\"attachment-full size-full wp-image-3972\" alt=\"Projet Kinqi tantra fabi\" srcset=\"https:\/\/kinqiproject.com\/wp-content\/uploads\/2025\/01\/quien-soy-1.jpg 1274w, https:\/\/kinqiproject.com\/wp-content\/uploads\/2025\/01\/quien-soy-1-300x176.jpg 300w, https:\/\/kinqiproject.com\/wp-content\/uploads\/2025\/01\/quien-soy-1-1024x600.jpg 1024w, https:\/\/kinqiproject.com\/wp-content\/uploads\/2025\/01\/quien-soy-1-768x450.jpg 768w, https:\/\/kinqiproject.com\/wp-content\/uploads\/2025\/01\/quien-soy-1-18x12.jpg 18w\" sizes=\"(max-width: 1274px) 100vw, 1274px\">\t\t\t\t\t\t\t\t\t\t\t\t\t\t\t<\/div>\n\t\t\t\t<\/div>\n\t\t\t\t\t<\/div>\n\t\t<\/div>\n\t\t\t\t\t<\/div>\n\t\t<\/section>\n\t\t\t\t<section class=\"elementor-section elementor-top-section elementor-element elementor-element-42d1fa7 elementor-section-boxed elementor-section-height-default elementor-section-height-default\" data-id=\"42d1fa7\" data-element_type=\"section\" data-e-type=\"section\">\n\t\t\t\t\t\t<div class=\"elementor-container elementor-column-gap-default\">\n\t\t\t\t\t<div class=\"elementor-column elementor-col-100 elementor-top-column elementor-element elementor-element-16b1b81\" data-id=\"16b1b81\" data-element_type=\"column\" data-e-type=\"column\">\n\t\t\t<div class=\"elementor-widget-wrap elementor-element-populated\">\n\t\t\t\t\t\t<div class=\"elementor-element elementor-element-93f5caf elementor-widget elementor-widget-text-editor\" data-id=\"93f5caf\" data-element_type=\"widget\" data-e-type=\"widget\" data-widget_type=\"text-editor.default\">\n\t\t\t\t<div class=\"elementor-widget-container\">\n\t\t\t\t\t\t\t\t\t<p><span style=\"font-weight: 400;\">Soy Fabiana Charrua (<strong>Fabi Tantra)<\/strong>, la fundadora y facilitadora de Kin Qi. Mi pasi\u00f3n por la naturaleza, la ciencia y la consciencia espiritual me ha llevado a convertirme en una ni\u00f1a curiosa, una Mujer Conectada y una Madre Consciente.\u00a0<\/span><\/p><p><span style=\"font-weight: 400;\">Me desempe\u00f1o como<\/span><b> Facilitadora de Tantra y Tao, Sex\u00f3loga, Educadora de Sexualidad Consciente<\/b><span style=\"font-weight: 400;\"> para adultos, adolescentes, personas con diversidad funcional y sus familias. Adem\u00e1s, soy <\/span><b>Quiromasajista , Asesora de Aromaterapia y Cosmetolog\u00eda Natural<\/b><span style=\"font-weight: 400;\">. Mis intereses terap\u00e9uticos abarcan \u00e1reas como el BDSM, juegos de rol, amante del shibari y materiales naturales, y me encantan las <\/span><i><span style=\"font-weight: 400;\">artes teatrales som\u00e1ticas<\/span><\/i><span style=\"font-weight: 400;\"> como <\/span><i><span style=\"font-weight: 400;\">performer art\u00edstica<\/span><\/i><span style=\"font-weight: 400;\">.<\/span><span style=\"font-weight: 400;\"><br \/><\/span><span style=\"font-weight: 400;\">As\u00ed, ampliando mi mirada y alej\u00e1ndome del enfoque <\/span><i><span style=\"font-weight: 400;\">new age<\/span><\/i><span style=\"font-weight: 400;\">, utilizando t\u00e9rminos m\u00e1s conceptuales que resuenan conmigo y con la sociedad contempor\u00e1nea.<\/span><\/p><p><span style=\"font-weight: 400;\">Perm\u00edteme compartir contigo un poco sobre mi historia&#8230;<\/span><\/p>\t\t\t\t\t\t\t\t<\/div>\n\t\t\t\t<\/div>\n\t\t\t\t\t<\/div>\n\t\t<\/div>\n\t\t\t\t\t<\/div>\n\t\t<\/section>\n\t\t\t\t<section class=\"elementor-section elementor-top-section elementor-element elementor-element-6450874 elementor-section-boxed elementor-section-height-default elementor-section-height-default\" data-id=\"6450874\" data-element_type=\"section\" data-e-type=\"section\">\n\t\t\t\t\t\t<div class=\"elementor-container elementor-column-gap-default\">\n\t\t\t\t\t<div class=\"elementor-column elementor-col-100 elementor-top-column elementor-element elementor-element-f60460f\" data-id=\"f60460f\" data-element_type=\"column\" data-e-type=\"column\">\n\t\t\t<div class=\"elementor-widget-wrap elementor-element-populated\">\n\t\t\t\t\t\t<div class=\"elementor-element elementor-element-a556daa elementor-widget elementor-widget-image\" data-id=\"a556daa\" data-element_type=\"widget\" data-e-type=\"widget\" data-widget_type=\"image.default\">\n\t\t\t\t<div class=\"elementor-widget-container\">\n\t\t\t\t\t\t\t\t\t\t\t\t\t\t\t<img decoding=\"async\" width=\"2560\" height=\"1692\" src=\"https:\/\/kinqiproject.com\/wp-content\/uploads\/2025\/01\/1694041177439-scaled.jpg\" class=\"attachment-full size-full wp-image-3976\" alt=\"Projet Kinqi tantra fabi\" srcset=\"https:\/\/kinqiproject.com\/wp-content\/uploads\/2025\/01\/1694041177439-scaled.jpg 2560w, https:\/\/kinqiproject.com\/wp-content\/uploads\/2025\/01\/1694041177439-300x198.jpg 300w, https:\/\/kinqiproject.com\/wp-content\/uploads\/2025\/01\/1694041177439-1024x677.jpg 1024w, https:\/\/kinqiproject.com\/wp-content\/uploads\/2025\/01\/1694041177439-768x508.jpg 768w, https:\/\/kinqiproject.com\/wp-content\/uploads\/2025\/01\/1694041177439-1536x1015.jpg 1536w, https:\/\/kinqiproject.com\/wp-content\/uploads\/2025\/01\/1694041177439-2048x1354.jpg 2048w, https:\/\/kinqiproject.com\/wp-content\/uploads\/2025\/01\/1694041177439-18x12.jpg 18w\" sizes=\"(max-width: 2560px) 100vw, 2560px\">\t\t\t\t\t\t\t\t\t\t\t\t\t\t\t<\/div>\n\t\t\t\t<\/div>\n\t\t\t\t\t<\/div>\n\t\t<\/div>\n\t\t\t\t\t<\/div>\n\t\t<\/section>\n\t\t\t\t<section class=\"elementor-section elementor-top-section elementor-element elementor-element-bb1cc12 elementor-section-boxed elementor-section-height-default elementor-section-height-default\" data-id=\"bb1cc12\" data-element_type=\"section\" data-e-type=\"section\">\n\t\t\t\t\t\t<div class=\"elementor-container elementor-column-gap-default\">\n\t\t\t\t\t<div class=\"elementor-column elementor-col-100 elementor-top-column elementor-element elementor-element-efe669e\" data-id=\"efe669e\" data-element_type=\"column\" data-e-type=\"column\">\n\t\t\t<div class=\"elementor-widget-wrap elementor-element-populated\">\n\t\t\t\t\t\t<div class=\"elementor-element elementor-element-f55bf6f elementor-widget elementor-widget-heading\" data-id=\"f55bf6f\" data-element_type=\"widget\" data-e-type=\"widget\" data-widget_type=\"heading.default\">\n\t\t\t\t<div class=\"elementor-widget-container\">\n\t\t\t\t\t<h2 class=\"elementor-heading-title elementor-size-default\">Un poco m\u00e1s de mi<\/h2>\t\t\t\t<\/div>\n\t\t\t\t<\/div>\n\t\t\t\t\t<\/div>\n\t\t<\/div>\n\t\t\t\t\t<\/div>\n\t\t<\/section>\n\t\t\t\t<section class=\"elementor-section elementor-top-section elementor-element elementor-element-3968c4d elementor-section-full_width elementor-section-height-default elementor-section-height-default\" data-id=\"3968c4d\" data-element_type=\"section\" data-e-type=\"section\">\n\t\t\t\t\t\t<div class=\"elementor-container elementor-column-gap-default\">\n\t\t\t\t\t<div class=\"elementor-column elementor-col-100 elementor-top-column elementor-element elementor-element-5f5fccb\" data-id=\"5f5fccb\" data-element_type=\"column\" data-e-type=\"column\">\n\t\t\t<div class=\"elementor-widget-wrap elementor-element-populated\">\n\t\t\t\t\t\t<section class=\"elementor-section elementor-inner-section elementor-element elementor-element-5ead722 elementor-section-boxed elementor-section-height-default elementor-section-height-default\" data-id=\"5ead722\" data-element_type=\"section\" data-e-type=\"section\">\n\t\t\t\t\t\t<div class=\"elementor-container elementor-column-gap-default\">\n\t\t\t\t\t<div class=\"elementor-column elementor-col-50 elementor-inner-column elementor-element elementor-element-6c822e9\" data-id=\"6c822e9\" data-element_type=\"column\" data-e-type=\"column\">\n\t\t\t<div class=\"elementor-widget-wrap elementor-element-populated\">\n\t\t\t\t\t\t<div class=\"elementor-element elementor-element-16c5072 elementor-widget elementor-widget-text-editor\" data-id=\"16c5072\" data-element_type=\"widget\" data-e-type=\"widget\" data-widget_type=\"text-editor.default\">\n\t\t\t\t<div class=\"elementor-widget-container\">\n\t\t\t\t\t\t\t\t\t<p><span style=\"font-weight: 400;\">Nac\u00ed en un matriarcado, crec\u00ed en la hermosa aldea de Tras-os-Montes, Vimioso, Portugal. Desde ni\u00f1a, disfrutaba tocando y masajeando a mi madre y hermanas junto al fuego. Mi exploraci\u00f3n se centraba en la belleza de los detalles y las \u00abimperfecciones perfectas\u00bb. La conexi\u00f3n que experimentaba al tocar y cuidar de los dem\u00e1s me llev\u00f3 a comprender una comunicaci\u00f3n m\u00e1s all\u00e1 de lo verbal, sin intenciones sexuales.<\/span><\/p><p><span style=\"font-weight: 400;\">Apasionada por la naturaleza y la ciencia, estudi\u00e9 Ciencias y Biolog\u00eda Marina en la Universidad del Algarve, Portugal. Sin embargo, un d\u00eda volv\u00ed a esos recuerdos de mi infancia y sent\u00ed que mi verdadera pasi\u00f3n era el contacto humano junto con el poder de los masajes. Entonces, me form\u00e9 como <\/span><b>Masajista, Terapeuta Termal y en Balnearioterapia<\/b><span style=\"font-weight: 400;\">, destacando mi pasi\u00f3n por el masaje californiano, drenaje linf\u00e1tico y masaje facial.<\/span><\/p><p><span style=\"font-weight: 400;\">Trabaj\u00e9 en spas, centros geotermales y cl\u00ednicas de dermo-cosm\u00e9tica, pero sent\u00eda que algo faltaba.<\/span><\/p>\t\t\t\t\t\t\t\t<\/div>\n\t\t\t\t<\/div>\n\t\t\t\t\t<\/div>\n\t\t<\/div>\n\t\t\t\t<div class=\"elementor-column elementor-col-50 elementor-inner-column elementor-element elementor-element-01797f1\" data-id=\"01797f1\" data-element_type=\"column\" data-e-type=\"column\">\n\t\t\t<div class=\"elementor-widget-wrap elementor-element-populated\">\n\t\t\t\t\t\t<div class=\"elementor-element elementor-element-5e36973 elementor-widget elementor-widget-text-editor\" data-id=\"5e36973\" data-element_type=\"widget\" data-e-type=\"widget\" data-widget_type=\"text-editor.default\">\n\t\t\t\t<div class=\"elementor-widget-container\">\n\t\t\t\t\t\t\t\t\t<p><span style=\"font-weight: 400;\">Mi percepci\u00f3n del ser humano se expandi\u00f3 m\u00e1s all\u00e1 del cuerpo f\u00edsico,\u00a0 <\/span><b>mi conexi\u00f3n con la energ\u00eda del otro y la apertura emocional a trav\u00e9s del contacto consciente<\/b><span style=\"font-weight: 400;\"> me llevaron a un nuevo proyecto. Me un\u00ed a la creaci\u00f3n de una <\/span><b>Residencia-Laboratorio Experimental y Vivencial,<\/b><span style=\"font-weight: 400;\"> dedicada a la educaci\u00f3n alternativa y estudios interdisciplinarios.<\/span><\/p><p><span style=\"font-weight: 400;\">En 2012, fui personalmente invitada por Petter Hegre, un fot\u00f3grafo noruego, a trabajar en su estudio de fotograf\u00eda en Sitges, Barcelona, especializado en una nueva perspectiva er\u00f3tica. Durante 4 a\u00f1os, fui <\/span><b>Masajista, Terapeuta T\u00e1ntrica<\/b><span style=\"font-weight: 400;\"> y creadora de contenido, sumergi\u00e9ndome en las <\/span><b>t\u00e9cnicas de descubrimientos del Tantra, Tao sexual<\/b><span style=\"font-weight: 400;\"> y nuevas formas de expresi\u00f3n er\u00f3tica.<\/span><\/p><p><span style=\"font-weight: 400;\">Despu\u00e9s de acompa\u00f1ar a personas de todo el mundo en su crecimiento personal, decid\u00ed embarcarme en una nueva etapa: la maternidad. Este viaje me llev\u00f3 a una b\u00fasqueda continua de honestidad, compasi\u00f3n, \u00e9xtasis y desapego, permitiendo conocerme mejor y abrazar mi autenticidad.<\/span><\/p>\t\t\t\t\t\t\t\t<\/div>\n\t\t\t\t<\/div>\n\t\t\t\t\t<\/div>\n\t\t<\/div>\n\t\t\t\t\t<\/div>\n\t\t<\/section>\n\t\t\t\t\t<\/div>\n\t\t<\/div>\n\t\t\t\t\t<\/div>\n\t\t<\/section>\n\t\t\t\t<section class=\"elementor-section elementor-top-section elementor-element elementor-element-b9eafb9 elementor-section-boxed elementor-section-height-default elementor-section-height-default\" data-id=\"b9eafb9\" data-element_type=\"section\" data-e-type=\"section\">\n\t\t\t\t\t\t<div class=\"elementor-container elementor-column-gap-default\">\n\t\t\t\t\t<div class=\"elementor-column elementor-col-100 elementor-top-column elementor-element elementor-element-8c4bced\" data-id=\"8c4bced\" data-element_type=\"column\" data-e-type=\"column\">\n\t\t\t<div class=\"elementor-widget-wrap elementor-element-populated\">\n\t\t\t\t\t\t<div class=\"elementor-element elementor-element-40395f5 elementor-widget elementor-widget-image\" data-id=\"40395f5\" data-element_type=\"widget\" data-e-type=\"widget\" data-widget_type=\"image.default\">\n\t\t\t\t<div class=\"elementor-widget-container\">\n\t\t\t\t\t\t\t\t\t\t\t\t\t\t\t<img decoding=\"async\" width=\"2560\" height=\"1707\" src=\"https:\/\/kinqiproject.com\/wp-content\/uploads\/2025\/01\/1687000051379-scaled.jpg\" class=\"attachment-full size-full wp-image-3978\" alt=\"Masajista, Terapeuta T\u00e1ntrica\" srcset=\"https:\/\/kinqiproject.com\/wp-content\/uploads\/2025\/01\/1687000051379-scaled.jpg 2560w, https:\/\/kinqiproject.com\/wp-content\/uploads\/2025\/01\/1687000051379-300x200.jpg 300w, https:\/\/kinqiproject.com\/wp-content\/uploads\/2025\/01\/1687000051379-1024x683.jpg 1024w, https:\/\/kinqiproject.com\/wp-content\/uploads\/2025\/01\/1687000051379-768x512.jpg 768w, https:\/\/kinqiproject.com\/wp-content\/uploads\/2025\/01\/1687000051379-1536x1024.jpg 1536w, https:\/\/kinqiproject.com\/wp-content\/uploads\/2025\/01\/1687000051379-2048x1365.jpg 2048w, https:\/\/kinqiproject.com\/wp-content\/uploads\/2025\/01\/1687000051379-18x12.jpg 18w\" sizes=\"(max-width: 2560px) 100vw, 2560px\" \/>\t\t\t\t\t\t\t\t\t\t\t\t\t\t\t<\/div>\n\t\t\t\t<\/div>\n\t\t\t\t\t<\/div>\n\t\t<\/div>\n\t\t\t\t\t<\/div>\n\t\t<\/section>\n\t\t\t\t<section class=\"elementor-section elementor-top-section elementor-element elementor-element-e4dd1c8 elementor-section-boxed elementor-section-height-default elementor-section-height-default\" data-id=\"e4dd1c8\" data-element_type=\"section\" data-e-type=\"section\">\n\t\t\t\t\t\t<div class=\"elementor-container elementor-column-gap-default\">\n\t\t\t\t\t<div class=\"elementor-column elementor-col-100 elementor-top-column elementor-element elementor-element-1f45701\" data-id=\"1f45701\" data-element_type=\"column\" data-e-type=\"column\">\n\t\t\t<div class=\"elementor-widget-wrap elementor-element-populated\">\n\t\t\t\t\t\t<div class=\"elementor-element elementor-element-3f050bb elementor-widget elementor-widget-text-editor\" data-id=\"3f050bb\" data-element_type=\"widget\" data-e-type=\"widget\" data-widget_type=\"text-editor.default\">\n\t\t\t\t<div class=\"elementor-widget-container\">\n\t\t\t\t\t\t\t\t\t<p><span style=\"font-weight: 400;\">Seis a\u00f1os de maternidad y lactancia ininterrumpida, hicieron que surgiera en m\u00ed una mujer fuerte y sabia. Mi inter\u00e9s por la vida sin t\u00f3xicos me llev\u00f3 a explorar la aromaterapia, conect\u00e1ndome con las propiedades de plantas medicinales y compartiendo este conocimiento con otras mujeres y familias.<\/span><\/p><p><span style=\"font-weight: 400;\">Mi deseo es compartir herramientas que me han ayudado en mi b\u00fasqueda de gozo, magia y libertad. Complementando mi experiencia, obtuve un <\/span><b>Posgrado en Sexolog\u00eda y Educaci\u00f3n en Sexualidad para Adolescentes y Discapacitados<\/b><span style=\"font-weight: 400;\">. Trabajo en la concienciaci\u00f3n de los j\u00f3venes y ni\u00f1os sobre la educaci\u00f3n sexual y abogo por los derechos sexuales de las personas discapacitadas.<\/span><\/p><p><span style=\"font-weight: 400;\"><br \/><\/span><span style=\"font-weight: 400;\">En los \u00faltimos 2 a\u00f1os, me form\u00e9 <\/span><b>en Sexualidad Integrativa<\/b><span style=\"font-weight: 400;\">, explorando diversas disciplinas como BDSM, Shibari, Psicodanza, Arte-terapia, Dramatizaci\u00f3n Teatral, Sexolog\u00eda Cl\u00ednica y Diversidad Sexual y de G\u00e9nero.<\/span><\/p><p><span style=\"font-weight: 400;\">Te invito a descubrir <\/span><b>Kin-Qi<\/b><span style=\"font-weight: 400;\">, un proyecto nacido de mi lucha por un mundo m\u00e1s consciente y respetuoso. Acompa\u00f1o a seres humanos a desplegar el gozo y la magia de su autenticidad, a ser part\u00edcipes del florecimiento y despertar de su potencial.<\/span><\/p><p><span style=\"font-weight: 400;\"><br \/><\/span><span style=\"font-weight: 400;\">Explora las distintas experiencias que ofrezco y escucha dentro de ti cu\u00e1l te sirve ahora.<\/span><\/p><p><em><span style=\"font-weight: 400;\">Abrazo consentido, <br \/><\/span><\/em><span style=\"font-weight: 400;\">Fabiana Charrua &#8211; Fabi Tantra<\/span><\/p>\t\t\t\t\t\t\t\t<\/div>\n\t\t\t\t<\/div>\n\t\t\t\t\t<\/div>\n\t\t<\/div>\n\t\t\t\t\t<\/div>\n\t\t<\/section>\n\t\t\t\t<\/div>","protected":false},"excerpt":{"rendered":"<p>\u00bfQui\u00e9n soy? Soy Fabiana Charrua (Fabi Tantra), la fundadora y facilitadora de Kin Qi. Mi pasi\u00f3n por la naturaleza, la ciencia y la consciencia espiritual me ha llevado a convertirme en una ni\u00f1a curiosa, una Mujer Conectada y una Madre Consciente.\u00a0 Me desempe\u00f1o como Facilitadora de Tantra y Tao, Sex\u00f3loga, Educadora de Sexualidad Consciente para [&hellip;]<\/p>\n","protected":false},"author":1,"featured_media":0,"parent":0,"menu_order":0,"comment_status":"open","ping_status":"closed","template":"elementor_header_footer","meta":{"footnotes":""},"class_list":["post-405","page","type-page","status-publish","hentry"],"_links":{"self":[{"href":"https:\/\/kinqiproject.com\/fr\/wp-json\/wp\/v2\/pages\/405","targetHints":{"allow":["GET"]}}],"collection":[{"href":"https:\/\/kinqiproject.com\/fr\/wp-json\/wp\/v2\/pages"}],"about":[{"href":"https:\/\/kinqiproject.com\/fr\/wp-json\/wp\/v2\/types\/page"}],"author":[{"embeddable":true,"href":"https:\/\/kinqiproject.com\/fr\/wp-json\/wp\/v2\/users\/1"}],"replies":[{"embeddable":true,"href":"https:\/\/kinqiproject.com\/fr\/wp-json\/wp\/v2\/comments?post=405"}],"version-history":[{"count":53,"href":"https:\/\/kinqiproject.com\/fr\/wp-json\/wp\/v2\/pages\/405\/revisions"}],"predecessor-version":[{"id":4174,"href":"https:\/\/kinqiproject.com\/fr\/wp-json\/wp\/v2\/pages\/405\/revisions\/4174"}],"wp:attachment":[{"href":"https:\/\/kinqiproject.com\/fr\/wp-json\/wp\/v2\/media?parent=405"}],"curies":[{"name":"wp","href":"https:\/\/api.w.org\/{rel}","templated":true}]}}