{"id":3786,"date":"2024-11-20T12:30:10","date_gmt":"2024-11-20T10:30:10","guid":{"rendered":"https:\/\/kinqiproject.com\/?page_id=3786"},"modified":"2024-11-20T12:41:14","modified_gmt":"2024-11-20T10:41:14","slug":"gracias","status":"publish","type":"page","link":"https:\/\/kinqiproject.com\/fr\/gracias\/","title":{"rendered":"Gracias"},"content":{"rendered":"<div data-elementor-type=\"wp-page\" data-elementor-id=\"3786\" class=\"elementor elementor-3786\">\n\t\t\t\t\t\t<section class=\"elementor-section elementor-top-section elementor-element elementor-element-5abf5e8 elementor-section-boxed elementor-section-height-default elementor-section-height-default\" data-id=\"5abf5e8\" data-element_type=\"section\" data-e-type=\"section\">\n\t\t\t\t\t\t<div class=\"elementor-container elementor-column-gap-default\">\n\t\t\t\t\t<div class=\"elementor-column elementor-col-100 elementor-top-column elementor-element elementor-element-dcf7341\" data-id=\"dcf7341\" data-element_type=\"column\" data-e-type=\"column\">\n\t\t\t<div class=\"elementor-widget-wrap elementor-element-populated\">\n\t\t\t\t\t\t<div class=\"elementor-element elementor-element-586b14d elementor-widget elementor-widget-text-editor\" data-id=\"586b14d\" data-element_type=\"widget\" data-e-type=\"widget\" data-widget_type=\"text-editor.default\">\n\t\t\t\t<div class=\"elementor-widget-container\">\n\t\t\t\t\t\t\t\t\t<h1>\u2728 \u00a1Gracias por dar el primer paso hacia tu transformaci\u00f3n! \u2728<\/h1>\t\t\t\t\t\t\t\t<\/div>\n\t\t\t\t<\/div>\n\t\t\t\t\t<\/div>\n\t\t<\/div>\n\t\t\t\t\t<\/div>\n\t\t<\/section>\n\t\t\t\t<section class=\"elementor-section elementor-top-section elementor-element elementor-element-953fc5c elementor-section-full_width elementor-section-height-default elementor-section-height-default\" data-id=\"953fc5c\" data-element_type=\"section\" data-e-type=\"section\">\n\t\t\t\t\t\t<div class=\"elementor-container elementor-column-gap-default\">\n\t\t\t\t\t<div class=\"elementor-column elementor-col-100 elementor-top-column elementor-element elementor-element-f1d571c\" data-id=\"f1d571c\" data-element_type=\"column\" data-e-type=\"column\">\n\t\t\t<div class=\"elementor-widget-wrap elementor-element-populated\">\n\t\t\t\t\t\t<div class=\"elementor-element elementor-element-92400fb elementor-widget elementor-widget-text-editor\" data-id=\"92400fb\" data-element_type=\"widget\" data-e-type=\"widget\" data-widget_type=\"text-editor.default\">\n\t\t\t\t<div class=\"elementor-widget-container\">\n\t\t\t\t\t\t\t\t\t<h3>Tu mensaje ha sido recibido con cuidado y atenci\u00f3n \u2705<\/h3><h3>Estoy emocionada de acompa\u00f1arte en este viaje hacia una vida m\u00e1s aut\u00e9ntica y plena.<\/h3>\t\t\t\t\t\t\t\t<\/div>\n\t\t\t\t<\/div>\n\t\t\t\t\t<\/div>\n\t\t<\/div>\n\t\t\t\t\t<\/div>\n\t\t<\/section>\n\t\t\t\t<section class=\"elementor-section elementor-top-section elementor-element elementor-element-5aef729 elementor-section-boxed elementor-section-height-default elementor-section-height-default\" data-id=\"5aef729\" data-element_type=\"section\" data-e-type=\"section\">\n\t\t\t\t\t\t<div class=\"elementor-container elementor-column-gap-default\">\n\t\t\t\t\t<div class=\"elementor-column elementor-col-50 elementor-top-column elementor-element elementor-element-b4c35d6\" data-id=\"b4c35d6\" data-element_type=\"column\" data-e-type=\"column\">\n\t\t\t<div class=\"elementor-widget-wrap elementor-element-populated\">\n\t\t\t\t\t\t<div class=\"elementor-element elementor-element-fb0e533 elementor-widget elementor-widget-text-editor\" data-id=\"fb0e533\" data-element_type=\"widget\" data-e-type=\"widget\" data-widget_type=\"text-editor.default\">\n\t\t\t\t<div class=\"elementor-widget-container\">\n\t\t\t\t\t\t\t\t\t<p>Me pondr\u00e9 en contacto contigo en breve para confirmar los detalles y resolver cualquier duda.<\/p><p>Mientras tanto, te invito a descubrir otros servicios de Kin-Qi Project.<\/p>\t\t\t\t\t\t\t\t<\/div>\n\t\t\t\t<\/div>\n\t\t\t\t<div class=\"elementor-element elementor-element-e93f2b8 elementor-align-center elementor-widget elementor-widget-button\" data-id=\"e93f2b8\" data-element_type=\"widget\" data-e-type=\"widget\" data-widget_type=\"button.default\">\n\t\t\t\t<div class=\"elementor-widget-container\">\n\t\t\t\t\t\t\t\t\t<div class=\"elementor-button-wrapper\">\n\t\t\t\t\t<a class=\"elementor-button elementor-button-link elementor-size-sm\" href=\"https:\/\/kinqiproject.com\/fr\/services\/\">\n\t\t\t\t\t\t<span class=\"elementor-button-content-wrapper\">\n\t\t\t\t\t\t\t\t\t<span class=\"elementor-button-text\">Services<\/span>\n\t\t\t\t\t<\/span>\n\t\t\t\t\t<\/a>\n\t\t\t\t<\/div>\n\t\t\t\t\t\t\t\t<\/div>\n\t\t\t\t<\/div>\n\t\t\t\t\t<\/div>\n\t\t<\/div>\n\t\t\t\t<div class=\"elementor-column elementor-col-50 elementor-top-column elementor-element elementor-element-d59701d\" data-id=\"d59701d\" data-element_type=\"column\" data-e-type=\"column\">\n\t\t\t<div class=\"elementor-widget-wrap elementor-element-populated\">\n\t\t\t\t\t\t<div class=\"elementor-element elementor-element-88be229 elementor-widget elementor-widget-image\" data-id=\"88be229\" data-element_type=\"widget\" data-e-type=\"widget\" data-widget_type=\"image.default\">\n\t\t\t\t<div class=\"elementor-widget-container\">\n\t\t\t\t\t\t\t\t\t\t\t\t\t\t\t<img fetchpriority=\"high\" decoding=\"async\" width=\"640\" height=\"427\" src=\"https:\/\/kinqiproject.com\/wp-content\/uploads\/2024\/05\/1694041177388-768x512.jpg\" class=\"attachment-medium_large size-medium_large wp-image-2581\" alt=\"Projet Kinqi tantra fabi\" srcset=\"https:\/\/kinqiproject.com\/wp-content\/uploads\/2024\/05\/1694041177388-768x512.jpg 768w, https:\/\/kinqiproject.com\/wp-content\/uploads\/2024\/05\/1694041177388-300x200.jpg 300w, https:\/\/kinqiproject.com\/wp-content\/uploads\/2024\/05\/1694041177388-1024x683.jpg 1024w, https:\/\/kinqiproject.com\/wp-content\/uploads\/2024\/05\/1694041177388-1536x1024.jpg 1536w, https:\/\/kinqiproject.com\/wp-content\/uploads\/2024\/05\/1694041177388-2048x1365.jpg 2048w\" sizes=\"(max-width: 640px) 100vw, 640px\">\t\t\t\t\t\t\t\t\t\t\t\t\t\t\t<\/div>\n\t\t\t\t<\/div>\n\t\t\t\t\t<\/div>\n\t\t<\/div>\n\t\t\t\t\t<\/div>\n\t\t<\/section>\n\t\t\t\t<section class=\"elementor-section elementor-top-section elementor-element elementor-element-c7df661 elementor-section-boxed elementor-section-height-default elementor-section-height-default\" data-id=\"c7df661\" data-element_type=\"section\" data-e-type=\"section\">\n\t\t\t\t\t\t<div class=\"elementor-container elementor-column-gap-default\">\n\t\t\t\t\t<div class=\"elementor-column elementor-col-100 elementor-top-column elementor-element elementor-element-72c7856\" data-id=\"72c7856\" data-element_type=\"column\" data-e-type=\"column\">\n\t\t\t<div class=\"elementor-widget-wrap elementor-element-populated\">\n\t\t\t\t\t\t<div class=\"elementor-element elementor-element-b4fea9a elementor-widget elementor-widget-heading\" data-id=\"b4fea9a\" data-element_type=\"widget\" data-e-type=\"widget\" data-widget_type=\"heading.default\">\n\t\t\t\t<div class=\"elementor-widget-container\">\n\t\t\t\t\t<h3 class=\"elementor-heading-title elementor-size-default\">En Kin-Qi Project, creo que cada paso hacia tu autenticidad cuenta. \u00a1Gracias por permitirme ser parte de tu camino!<\/h3>\t\t\t\t<\/div>\n\t\t\t\t<\/div>\n\t\t\t\t\t<\/div>\n\t\t<\/div>\n\t\t\t\t\t<\/div>\n\t\t<\/section>\n\t\t\t\t<\/div>","protected":false},"excerpt":{"rendered":"<p>\u2728 \u00a1Gracias por dar el primer paso hacia tu transformaci\u00f3n! \u2728 Tu mensaje ha sido recibido con cuidado y atenci\u00f3n \u2705 Estoy emocionada de acompa\u00f1arte en este viaje hacia una vida m\u00e1s aut\u00e9ntica y plena. Me pondr\u00e9 en contacto contigo en breve para confirmar los detalles y resolver cualquier duda. Mientras tanto, te invito a [&hellip;]<\/p>\n","protected":false},"author":1,"featured_media":0,"parent":0,"menu_order":0,"comment_status":"closed","ping_status":"closed","template":"redux-templates_contained","meta":{"footnotes":""},"class_list":["post-3786","page","type-page","status-publish","hentry"],"_links":{"self":[{"href":"https:\/\/kinqiproject.com\/fr\/wp-json\/wp\/v2\/pages\/3786","targetHints":{"allow":["GET"]}}],"collection":[{"href":"https:\/\/kinqiproject.com\/fr\/wp-json\/wp\/v2\/pages"}],"about":[{"href":"https:\/\/kinqiproject.com\/fr\/wp-json\/wp\/v2\/types\/page"}],"author":[{"embeddable":true,"href":"https:\/\/kinqiproject.com\/fr\/wp-json\/wp\/v2\/users\/1"}],"replies":[{"embeddable":true,"href":"https:\/\/kinqiproject.com\/fr\/wp-json\/wp\/v2\/comments?post=3786"}],"version-history":[{"count":10,"href":"https:\/\/kinqiproject.com\/fr\/wp-json\/wp\/v2\/pages\/3786\/revisions"}],"predecessor-version":[{"id":3796,"href":"https:\/\/kinqiproject.com\/fr\/wp-json\/wp\/v2\/pages\/3786\/revisions\/3796"}],"wp:attachment":[{"href":"https:\/\/kinqiproject.com\/fr\/wp-json\/wp\/v2\/media?parent=3786"}],"curies":[{"name":"wp","href":"https:\/\/api.w.org\/{rel}","templated":true}]}}