{"id":3640,"date":"2024-11-19T16:35:03","date_gmt":"2024-11-19T14:35:03","guid":{"rendered":"https:\/\/kinqiproject.com\/?page_id=3640"},"modified":"2025-01-11T15:18:46","modified_gmt":"2025-01-11T13:18:46","slug":"faqs-kin-qi","status":"publish","type":"page","link":"https:\/\/kinqiproject.com\/fr\/faqs-kin-qi\/","title":{"rendered":"FAQs Kin-Qi"},"content":{"rendered":"<div data-elementor-type=\"wp-page\" data-elementor-id=\"3640\" class=\"elementor elementor-3640\">\n\t\t\t\t\t\t<section class=\"elementor-section elementor-top-section elementor-element elementor-element-7124362 elementor-section-boxed elementor-section-height-default elementor-section-height-default\" data-id=\"7124362\" data-element_type=\"section\" data-e-type=\"section\">\n\t\t\t\t\t\t<div class=\"elementor-container elementor-column-gap-default\">\n\t\t\t\t\t<div class=\"elementor-column elementor-col-100 elementor-top-column elementor-element elementor-element-bd03279\" data-id=\"bd03279\" data-element_type=\"column\" data-e-type=\"column\">\n\t\t\t<div class=\"elementor-widget-wrap elementor-element-populated\">\n\t\t\t\t\t\t<div class=\"elementor-element elementor-element-ab1a5ff elementor-widget elementor-widget-heading\" data-id=\"ab1a5ff\" data-element_type=\"widget\" data-e-type=\"widget\" data-widget_type=\"heading.default\">\n\t\t\t\t<div class=\"elementor-widget-container\">\n\t\t\t\t\t<h2 class=\"elementor-heading-title elementor-size-default\">FAQs Kin-Qi Project<\/h2>\t\t\t\t<\/div>\n\t\t\t\t<\/div>\n\t\t\t\t\t<\/div>\n\t\t<\/div>\n\t\t\t\t\t<\/div>\n\t\t<\/section>\n\t\t\t\t<section class=\"elementor-section elementor-top-section elementor-element elementor-element-f48c0e3 elementor-section-boxed elementor-section-height-default elementor-section-height-default\" data-id=\"f48c0e3\" data-element_type=\"section\" data-e-type=\"section\">\n\t\t\t\t\t\t<div class=\"elementor-container elementor-column-gap-default\">\n\t\t\t\t\t<div class=\"elementor-column elementor-col-100 elementor-top-column elementor-element elementor-element-eae7ea2\" data-id=\"eae7ea2\" data-element_type=\"column\" data-e-type=\"column\">\n\t\t\t<div class=\"elementor-widget-wrap elementor-element-populated\">\n\t\t\t\t\t\t<div class=\"elementor-element elementor-element-d433db3 elementor-widget elementor-widget-text-editor\" data-id=\"d433db3\" data-element_type=\"widget\" data-e-type=\"widget\" data-widget_type=\"text-editor.default\">\n\t\t\t\t<div class=\"elementor-widget-container\">\n\t\t\t\t\t\t\t\t\t<p>\u00bfTienes dudas sobre c\u00f3mo funcionan las sesiones o qu\u00e9 puedes esperar de la experiencia? He recopilado las preguntas m\u00e1s comunes para ofrecerte claridad y confianza antes de tu cita. Desde detalles sobre la preparaci\u00f3n hasta respuestas sobre din\u00e1micas espec\u00edficas, este espacio est\u00e1 dise\u00f1ado para resolver tus inquietudes de forma clara y transparente. Si algo no queda resuelto, \u00a1no dudes en <a href=\"https:\/\/kinqiproject.com\/fr\/contact\/\">contactarme<\/a>! Estoy aqu\u00ed para acompa\u00f1arte en este viaje \u00fanico de autodescubrimiento y bienestar.<\/p>\t\t\t\t\t\t\t\t<\/div>\n\t\t\t\t<\/div>\n\t\t\t\t\t<\/div>\n\t\t<\/div>\n\t\t\t\t\t<\/div>\n\t\t<\/section>\n\t\t\t\t<section class=\"elementor-section elementor-top-section elementor-element elementor-element-992217c elementor-section-boxed elementor-section-height-default elementor-section-height-default\" data-id=\"992217c\" data-element_type=\"section\" data-e-type=\"section\">\n\t\t\t\t\t\t<div class=\"elementor-container elementor-column-gap-default\">\n\t\t\t\t\t<div class=\"elementor-column elementor-col-100 elementor-top-column elementor-element elementor-element-a35d0dd\" data-id=\"a35d0dd\" data-element_type=\"column\" data-e-type=\"column\">\n\t\t\t<div class=\"elementor-widget-wrap elementor-element-populated\">\n\t\t\t\t\t\t<div class=\"elementor-element elementor-element-e6b31b8 elementor-widget__width-initial elementor-widget elementor-widget-text-editor\" data-id=\"e6b31b8\" data-element_type=\"widget\" data-e-type=\"widget\" data-widget_type=\"text-editor.default\">\n\t\t\t\t<div class=\"elementor-widget-container\">\n\t\t\t\t\t\t\t\t\t<p><\/p><p><b>\u00bfQu\u00e9 idiomas hablas?<\/b><\/p>\n<p><span style=\"font-weight: 400;\">Hablo portugu\u00e9s, castellano, ingl\u00e9s, franc\u00e9s, mirand\u00e9s y entiendo catal\u00e1n con fluidez.<\/span><\/p>\n<p><b>\u00bfSe requiere alguna preparaci\u00f3n especial antes de la sesi\u00f3n?*<\/b><\/p>\n<p><span style=\"font-weight: 400;\">Para aprovechar al m\u00e1ximo tu masaje, te recomiendo llegar con una mentalidad abierta y relajada. Adem\u00e1s, es \u00fatil evitar el uso de perfumes fuertes o desodorantes con aromas intensos. Utilizo aceites esenciales de grado terap\u00e9utico que tienen propiedades curativas y arom\u00e1ticas naturales, por lo que un desodorante con olor bajo o neutro es preferible para mantener la pureza de la experiencia.<\/span><\/p>\n<p><b>\u00bfQu\u00e9 puedo esperar en t\u00e9rminos de excitaci\u00f3n y contacto durante la sesi\u00f3n?&nbsp;&nbsp;<\/b><\/p>\n<p><span style=\"font-weight: 400;\">Es posible que experimentes excitaci\u00f3n y liberaci\u00f3n sexual durante la sesi\u00f3n, pero ese no es el objetivo del masaje. Durante toda la experiencia, seguir\u00e1s siendo el receptor. Puedo guiarte en t\u00e9cnicas de respiraci\u00f3n para mejorar la experiencia y ayudarte a elevar y dirigir tu energ\u00eda de manera m\u00e1s consciente. Estar\u00e1s en contacto con mi cuerpo durante el masaje, pero no habr\u00e1 actos sexuales, como el sexo oral. Te invitar\u00e9 a centrarte en ti mismo, en tus propias sensaciones, y a recibir plenamente, en lugar de dirigir tu atenci\u00f3n hacia el exterior.&nbsp;<\/span><\/p>\n<p><b>\u00bfPuedo tocar al terapeuta durante el masaje?&nbsp;<\/b><\/p>\n<p><span style=\"font-weight: 400;\">No. Durante el masaje, toda nuestra atenci\u00f3n est\u00e1 dirigida a ti, y cualquier contacto de tu parte podr\u00eda distraerme y afectar mi energ\u00eda. Es fundamental que te mantengas en tu propia conciencia, ya que cualquier acci\u00f3n de tu parte tambi\u00e9n te alejar\u00eda de ese estado. Te invito a centrarte en tu interior, en tu propio cuerpo y en tus sensaciones, en lugar de enfocarte hacia el exterior, permiti\u00e9ndote as\u00ed recibir plenamente. No espero que me toques, masajees o beses.&nbsp;<\/span><\/p>\n<p><span style=\"font-weight: 400;\">Dicho esto, existen momentos espec\u00edficos, como cuando &#8220;te conectas con la madre naturaleza&#8221;, en los que se pueden colocar las manos sobre el cuerpo de la terapeuta para sintonizar con la energ\u00eda femenina durante el masaje. Asimismo, durante el masaje lingam, se colocan las manos sobre las piernas de la terapeuta para conectar las energ\u00edas y crear un circuito energ\u00e9tico.&nbsp;<\/span><\/p>\n<p><b>\u00bfY si me gusta tanto que me enamoro de ti?&nbsp;&nbsp;&nbsp;<\/b><\/p>\n<p><span style=\"font-weight: 400;\">No hay nada malo en ello. Lo que descubrir\u00e1s es que no te est\u00e1s enamorando del terapeuta, sino de un aspecto de ti mismo. Esta experiencia te guiar\u00e1 hacia el amor propio que la Existencia requiere de ti y, en un sentido m\u00e1s profundo, te ayudar\u00e1 a reconocer la divinidad en el otro como tu reflejo.<\/span><span style=\"font-weight: 400;\"><br><\/span><span style=\"font-weight: 400;\"><br><\/span><b>\u00bfIncluyen las sesiones alg\u00fan tipo de relaci\u00f3n sexual?&nbsp;<\/b><\/p>\n<p><span style=\"font-weight: 400;\">Ningunas de las sesiones incluye relaciones sexuales. Aunque trabajamos con la energ\u00eda sexual, la intimidad y la apertura, no ofrecemos ning\u00fan servicio sexual. Las sesiones son naturistas y puede haber contacto cuerpo a cuerpo, pero no se realizar\u00e1 ninguna actividad sexual.&nbsp;<\/span><\/p>\n<p><b>\u00bfQu\u00e9 pasa si tengo miedo?&nbsp;&nbsp;&nbsp;<\/b><\/p>\n<p><span style=\"font-weight: 400;\">Es completamente normal sentir miedo, especialmente en una sociedad donde la sexualidad y la intimidad a menudo est\u00e1n rodeadas de tab\u00faes. Muchas personas no han recibido una educaci\u00f3n s\u00f3lida sobre c\u00f3mo ser un buen amante o c\u00f3mo construir una relaci\u00f3n \u00edntima saludable. Esto puede hacer que sea dif\u00edcil expresar lo que realmente queremos y mantener una relaci\u00f3n satisfactoria.&nbsp;<\/span><\/p>\n<p><span style=\"font-weight: 400;\">El miedo a explorar algo tan \u00edntimo y precioso es natural, sobre todo cuando hemos tenido poca evidencia de que las relaciones y el sexo pueden ser tan gratificantes como deseamos. El tantra puede ser de gran ayuda en este proceso, ya que te ense\u00f1a a comunicar tus preocupaciones, avanza a un ritmo que te permita sentirte seguro, y te ayuda a tomar conciencia de tus sentimientos y deseos.&nbsp;<\/span><span style=\"font-weight: 400;\">&nbsp;<\/span><\/p>\n<p><b>\u00bfQu\u00e9 pasa si tengo problemas con mi sexualidad? \u00bfPuedes ayudar con alguna sesi\u00f3n en espec\u00edfico?&nbsp;<\/b><\/p>\n<p><span style=\"font-weight: 400;\">Todas mis sesiones tienen como prop\u00f3sito la sanaci\u00f3n sexual,&nbsp; donde el foco est\u00e1 en liberar la energ\u00eda negativa acumulada en nuestro cuerpo debido a traumas o experiencias sexuales da\u00f1inas. Este proceso busca desbloquear y transformar esa energ\u00eda para usarla de manera m\u00e1s positiva. Puede ser tan sencillo como reconocer que ya no es necesario protegernos de lo que ocurri\u00f3 en el pasado. Tambi\u00e9n puede incluir t\u00e9cnicas como la respiraci\u00f3n consciente, la liberaci\u00f3n emocional, masajes espec\u00edficos y la toma de conciencia de las \u00e1reas del cuerpo que han almacenado estas experiencias.&nbsp;<\/span><\/p>\n<p><span style=\"font-weight: 400;\">Quiero que sepas que todos, en alg\u00fan momento, hemos tenido tab\u00faes o traumas sexuales. Es una consecuencia de la forma en que nuestra sociedad est\u00e1 construida. No est\u00e1s solo en este viaje, y dar este paso hacia la sanaci\u00f3n es un acto de valent\u00eda y amor propio. Juntos, podemos trabajar para liberar esas cargas y ayudarte a conectar con una versi\u00f3n m\u00e1s libre y aut\u00e9ntica de ti mismo.&nbsp;<\/span><\/p>\n<p><b>\u00bfHay lugar para la eyaculaci\u00f3n \/ orgasmo en las sesiones que contemplen el contacto genital?<\/b><\/p>\n<p><span style=\"font-weight: 400;\">S\u00ed, es tu decisi\u00f3n. Si en alg\u00fan momento decides eyacular, no te detendr\u00e9, pero te animar\u00e9 a que te contengas el mayor tiempo posible. Te ayudar\u00e9 a lograrlo. Si prefieres no eyacular, puedes aprender t\u00e9cnicas de respiraci\u00f3n y control muscular que te permitir\u00e1n dirigir la energ\u00eda m\u00e1s all\u00e1 de los genitales y hacer que la necesidad de eyacular desaparezca. Estas t\u00e9cnicas, junto con algunos ejercicios en casa, pueden ser \u00fatiles si tienes problemas con la eyaculaci\u00f3n precoz. Verifica las sesiones continuadas en pack para trabajos m\u00e1s profundos!&nbsp;<\/span><\/p>\n<p><b>Sufro de eyaculaci\u00f3n precoz. \u00bfPueden tus sesiones&nbsp; ayudarme?&nbsp;&nbsp;<\/b><\/p>\n<p><span style=\"font-weight: 400;\">S\u00ed, el Tantra\/ Tao&nbsp; Sexual ofrece ejercicios terap\u00e9uticos que pueden ser muy efectivos. Aprender sobre Tantra puede ser una excelente manera de manejar la eyaculaci\u00f3n precoz. Te ense\u00f1ar\u00e1 a prolongar la erecci\u00f3n y a controlar la eyaculaci\u00f3n, mejorando as\u00ed tu desempe\u00f1o y experiencia en la cama.&nbsp;<\/span><\/p>\n<p><b>No soy capaz de llegar al orgasmo. \u00bfPueden tus sesiones ayudarme?&nbsp;<\/b><\/p>\n<p><span style=\"font-weight: 400;\">S\u00ed, tanto para hombres como para mujeres. El Tantra, el edging y el tao\u00edsmo pueden ense\u00f1arte a experimentar orgasmos m\u00e1s prolongados e intensos. Hay t\u00e9cnicas poderosas para lograr m\u00faltiples orgasmos corporales, y al aprender a controlar la eyaculaci\u00f3n, podr\u00e1s alcanzar orgasmos m\u00e1s altos y m\u00e1s profundos. Puedes experimentar tantos orgasmos como desees durante la sesi\u00f3n.&nbsp;<\/span><\/p>\n<p><b>Mi cuerpo es viejo y estoy gord@. \u00bfSer\u00e1 esto un problema para ti?<\/b><\/p>\n<p><span style=\"font-weight: 400;\">Para nada. Mi enfoque est\u00e1 en ayudarte a sentir y redescubrir tu esencia, m\u00e1s all\u00e1 de c\u00f3mo luzcas. Tu cuerpo es el veh\u00edculo de tu historia, y en \u00e9l reside toda tu belleza y autenticidad. Aqu\u00ed no se juzga, se honra. El Tantra y el Masaje pueden ayudarte a superar cualquier negatividad que sientas hacia ti mismo y apreciando tu cuerpo por el placer que puede generar.&nbsp;<\/span><\/p>\n<p><span style=\"font-weight: 400;\">&nbsp;<\/span><b>\u00bfTengo que recibir masaje genital o anal?<\/b><\/p>\n<p><span style=\"font-weight: 400;\">No, eso depende completamente de ti. El contacto genital no es esencial; el enfoque es expandir el placer desde la zona p\u00e9lvica. Antes de la sesi\u00f3n, discutiremos tus intenciones y deseos para asegurarnos de que todo est\u00e9 acorde con lo que buscas. Si tu proceso de sanaci\u00f3n requiere estas pr\u00e1cticas, las sugerir\u00e9 y las discutiremos, pero la decisi\u00f3n final es tuya.&nbsp;<\/span><\/p>\n<p><span style=\"font-weight: 400;\">&nbsp;<\/span><b>\u00bfPuedo elegir un terapeuta masculino o femenino?<\/b><\/p>\n<p><span style=\"font-weight: 400;\">S\u00ed, puedes. Indica tu preferencia al reservar la sesi\u00f3n y me asegurar\u00e9 de asignar un profesional que te haga sentir completamente seguro y satisfecho con la experiencia.&nbsp;<\/span><\/p>\n<p><span style=\"font-weight: 400;\">&nbsp;<\/span><b>\u00bfNecesito tener pareja para las sesiones? <\/b><span style=\"font-weight: 400;\">&nbsp;<\/span><\/p>\n<p><span style=\"font-weight: 400;\">No, no es necesario. El camino de autodescubrimiento puede hacerse de manera individual antes de compartirlo con alguien m\u00e1s. Si deseas explorar din\u00e1micas que requieren pareja, puede ayudarte a encontrar un asistente o, si lo prefieres, puedes invitar a una amig@ o pareja para que te acompa\u00f1e en el proceso.&nbsp;<\/span><\/p>\n<p><span style=\"font-weight: 400;\">&nbsp;<\/span><b>Soy mujer. \u00bfPuedo tener una sesi\u00f3n con una terapeuta femenina sin ser lesbiana?&nbsp;&nbsp;<\/b><\/p>\n<p><span style=\"font-weight: 400;\">Claro que s\u00ed. La experiencia se basa en amor, intimidad y energ\u00eda, no en orientaci\u00f3n sexual. Se te alentar\u00e1 a aceptarte y amarte a ti misma, sin importar tu orientaci\u00f3n sexual. Sin embargo, si prefieres un terapeuta masculino, solo d\u00edmelo.&nbsp;<\/span><\/p>\n<p><span style=\"font-weight: 400;\">&nbsp;<\/span><b>Somos una pareja. \u00bfDeber\u00edamos asistir a sesiones juntos o individualmente? <\/b><span style=\"font-weight: 400;\">&nbsp;&nbsp;<\/span><\/p>\n<p><span style=\"font-weight: 400;\">Eso depende de lo que prefieran. Si hay aspectos individuales en los que quieren trabajar, es recomendable comenzar con sesiones individuales y luego asistir juntos. Haremos una llamada previa de hasta 20 minutos para responder cualquier pregunta antes de cada sesi\u00f3n.&nbsp;<\/span><\/p>\n<p><span style=\"font-weight: 400;\">&nbsp;<\/span><b>\u00bfC\u00f3mo reservar una cita?&nbsp;&nbsp;&nbsp;<\/b><\/p>\n<p><span style=\"font-weight: 400;\">Puedes reservar una cita rellenando el formulario de reserva. Para evitar sorpresas, te recomiendo reservar con anticipaci\u00f3n. Adem\u00e1s, dado que es un trabajo muy intuitivo que requiere comunicaci\u00f3n, realizaremos una consulta previa de 20 minutos para aclarar cualquier duda antes de confirmar la reserva. Cuanto m\u00e1s me cuentes sobre tus necesidades y expectativas, mejor podr\u00e9 planificar la experiencia ideal para ti. Preg\u00fantate por qu\u00e9 vienes, qu\u00e9 esperas aprender y experimentar. Mi intenci\u00f3n es ofrecerte una experiencia educativa y placentera, ya sea que te interese el Tantra, el BDSM o explorar otras formas de crecimiento espiritual, f\u00edsico o emocional. Informa tus l\u00edmites y deseos; todo lo que quieras compartir ser\u00e1 bienvenido.&nbsp;<\/span><\/p>\n<p><span style=\"font-weight: 400;\">&nbsp;&nbsp;<\/span><b>\u00bfAlguna otra pregunta?<\/b><\/p>\n<p><span style=\"font-weight: 400;\">Si tienes alguna otra inquietud o algo que no est\u00e1 contemplado aqu\u00ed, no dudes en propon\u00e9rmelo. Estoy aqu\u00ed para ayudarte y responder\u00e9 a cualquier pregunta que tengas.<\/span><\/p>\t\t\t\t\t\t\t\t<\/div>\n\t\t\t\t<\/div>\n\t\t\t\t\t<\/div>\n\t\t<\/div>\n\t\t\t\t\t<\/div>\n\t\t<\/section>\n\t\t\t\t<section class=\"elementor-section elementor-top-section elementor-element elementor-element-f826126 elementor-section-boxed elementor-section-height-default elementor-section-height-default\" data-id=\"f826126\" data-element_type=\"section\" data-e-type=\"section\">\n\t\t\t\t\t\t<div class=\"elementor-container elementor-column-gap-default\">\n\t\t\t\t\t<div class=\"elementor-column elementor-col-100 elementor-top-column elementor-element elementor-element-8f8103b\" data-id=\"8f8103b\" data-element_type=\"column\" data-e-type=\"column\">\n\t\t\t<div class=\"elementor-widget-wrap elementor-element-populated\">\n\t\t\t\t\t\t<div class=\"elementor-element elementor-element-3c82fbc elementor-align-center elementor-widget elementor-widget-button\" data-id=\"3c82fbc\" data-element_type=\"widget\" data-e-type=\"widget\" data-widget_type=\"button.default\">\n\t\t\t\t<div class=\"elementor-widget-container\">\n\t\t\t\t\t\t\t\t\t<div class=\"elementor-button-wrapper\">\n\t\t\t\t\t<a class=\"elementor-button elementor-button-link elementor-size-sm\" href=\"https:\/\/kinqiproject.com\/fr\/contact\/\">\n\t\t\t\t\t\t<span class=\"elementor-button-content-wrapper\">\n\t\t\t\t\t\t\t\t\t<span class=\"elementor-button-text\">Contact<\/span>\n\t\t\t\t\t<\/span>\n\t\t\t\t\t<\/a>\n\t\t\t\t<\/div>\n\t\t\t\t\t\t\t\t<\/div>\n\t\t\t\t<\/div>\n\t\t\t\t\t<\/div>\n\t\t<\/div>\n\t\t\t\t\t<\/div>\n\t\t<\/section>\n\t\t\t\t<\/div>","protected":false},"excerpt":{"rendered":"<p>FAQs Kin-Qi Project \u00bfTienes dudas sobre c\u00f3mo funcionan las sesiones o qu\u00e9 puedes esperar de la experiencia? He recopilado las preguntas m\u00e1s comunes para ofrecerte claridad y confianza antes de tu cita. Desde detalles sobre la preparaci\u00f3n hasta respuestas sobre din\u00e1micas espec\u00edficas, este espacio est\u00e1 dise\u00f1ado para resolver tus inquietudes de forma clara y transparente. [&hellip;]<\/p>\n","protected":false},"author":1,"featured_media":0,"parent":0,"menu_order":0,"comment_status":"closed","ping_status":"closed","template":"","meta":{"footnotes":""},"class_list":["post-3640","page","type-page","status-publish","hentry"],"_links":{"self":[{"href":"https:\/\/kinqiproject.com\/fr\/wp-json\/wp\/v2\/pages\/3640","targetHints":{"allow":["GET"]}}],"collection":[{"href":"https:\/\/kinqiproject.com\/fr\/wp-json\/wp\/v2\/pages"}],"about":[{"href":"https:\/\/kinqiproject.com\/fr\/wp-json\/wp\/v2\/types\/page"}],"author":[{"embeddable":true,"href":"https:\/\/kinqiproject.com\/fr\/wp-json\/wp\/v2\/users\/1"}],"replies":[{"embeddable":true,"href":"https:\/\/kinqiproject.com\/fr\/wp-json\/wp\/v2\/comments?post=3640"}],"version-history":[{"count":16,"href":"https:\/\/kinqiproject.com\/fr\/wp-json\/wp\/v2\/pages\/3640\/revisions"}],"predecessor-version":[{"id":3893,"href":"https:\/\/kinqiproject.com\/fr\/wp-json\/wp\/v2\/pages\/3640\/revisions\/3893"}],"wp:attachment":[{"href":"https:\/\/kinqiproject.com\/fr\/wp-json\/wp\/v2\/media?parent=3640"}],"curies":[{"name":"wp","href":"https:\/\/api.w.org\/{rel}","templated":true}]}}