{"id":2731,"date":"2024-06-11T10:32:05","date_gmt":"2024-06-11T08:32:05","guid":{"rendered":"https:\/\/kinqiproject.com\/?page_id=2731"},"modified":"2024-11-20T18:31:42","modified_gmt":"2024-11-20T16:31:42","slug":"services","status":"publish","type":"page","link":"https:\/\/kinqiproject.com\/fr\/services\/","title":{"rendered":"Services"},"content":{"rendered":"<div data-elementor-type=\"wp-page\" data-elementor-id=\"2731\" class=\"elementor elementor-2731\">\n\t\t\t\t\t\t<section class=\"elementor-section elementor-top-section elementor-element elementor-element-6b6b3bb elementor-section-boxed elementor-section-height-default elementor-section-height-default\" data-id=\"6b6b3bb\" data-element_type=\"section\" data-e-type=\"section\">\n\t\t\t\t\t\t<div class=\"elementor-container elementor-column-gap-default\">\n\t\t\t\t\t<div class=\"elementor-column elementor-col-100 elementor-top-column elementor-element elementor-element-88101f4\" data-id=\"88101f4\" data-element_type=\"column\" data-e-type=\"column\">\n\t\t\t<div class=\"elementor-widget-wrap elementor-element-populated\">\n\t\t\t\t\t\t<div class=\"elementor-element elementor-element-2811e60 elementor-widget elementor-widget-heading\" data-id=\"2811e60\" data-element_type=\"widget\" data-e-type=\"widget\" data-widget_type=\"heading.default\">\n\t\t\t\t<div class=\"elementor-widget-container\">\n\t\t\t\t\t<h1 class=\"elementor-heading-title elementor-size-default\">Services<\/h1>\t\t\t\t<\/div>\n\t\t\t\t<\/div>\n\t\t\t\t<div class=\"elementor-element elementor-element-fecec74 elementor-widget elementor-widget-varsity-slider\" data-id=\"fecec74\" data-element_type=\"widget\" data-e-type=\"widget\" data-widget_type=\"varsity-slider.default\">\n\t\t\t\t<div class=\"elementor-widget-container\">\n\t\t\t\t\t\t\t\t<!-- slider part here -->\n\t\t\t<section class=\"banner_part owl-carousel\">\n\t\t\t\t\t\t\t\t    <div class=\"single_banner_part bg_1\" style=\"background-image: url(http:\/\/kinqiproject.com\/wp-content\/uploads\/2024\/05\/D4VE0607.jpg) \">\n\t\t\t\t        <div class=\"container\">\n\t\t\t\t            <div class=\"row justify-content-center align-items-center\">\n\t\t\t\t                <div class=\"col-lg-8\">\n\t\t\t\t                    <div class=\"banner_iner\">\n\t\t\t\t                        <h5>Des exp\u00e9riences uniques et concr\u00e8tes<\/h5>\n\t\t\t\t                        <h2>Shibari <\/h2>\n\t\t\t\t                        <a href=\"https:\/\/kinqiproject.com\/fr\/services\/experiences-de-vie\/shibari\/\"  target=\"_blank\"  class=\"btn_2\">Saber m\u00e1s<\/a>\n\t\t\t\t                    <\/div>\n\t\t\t\t                <\/div>\n\t\t\t\t            <\/div>\n\t\t\t\t        <\/div>\n\t\t\t\t    <\/div>\n\t\t\t    \t\t\t\t    <div class=\"single_banner_part bg_1\" style=\"background-image: url(http:\/\/kinqiproject.com\/wp-content\/uploads\/2024\/05\/1681478296611-scaled.jpg) \">\n\t\t\t\t        <div class=\"container\">\n\t\t\t\t            <div class=\"row justify-content-center align-items-center\">\n\t\t\t\t                <div class=\"col-lg-8\">\n\t\t\t\t                    <div class=\"banner_iner\">\n\t\t\t\t                        <h5>Des exp\u00e9riences uniques et concr\u00e8tes<\/h5>\n\t\t\t\t                        <h2>Masaje Tantra<\/h2>\n\t\t\t\t                        <a href=\"https:\/\/kinqiproject.com\/fr\/services\/experiences-de-vie\/masajes-conscientes\/\"  target=\"_blank\"  class=\"btn_2\">Saber m\u00e1s<\/a>\n\t\t\t\t                    <\/div>\n\t\t\t\t                <\/div>\n\t\t\t\t            <\/div>\n\t\t\t\t        <\/div>\n\t\t\t\t    <\/div>\n\t\t\t    \t\t\t\t    <div class=\"single_banner_part bg_1\" style=\"background-image: url(http:\/\/kinqiproject.com\/wp-content\/uploads\/2024\/06\/D4VE0488-1.jpg) \">\n\t\t\t\t        <div class=\"container\">\n\t\t\t\t            <div class=\"row justify-content-center align-items-center\">\n\t\t\t\t                <div class=\"col-lg-8\">\n\t\t\t\t                    <div class=\"banner_iner\">\n\t\t\t\t                        <h5>Des exp\u00e9riences uniques et concr\u00e8tes<\/h5>\n\t\t\t\t                        <h2>Butoh<\/h2>\n\t\t\t\t                        <a href=\"https:\/\/kinqiproject.com\/fr\/services\/experiences-de-vie\/butoh\/\"  target=\"_blank\"  class=\"btn_2\">Plus d'informations<\/a>\n\t\t\t\t                    <\/div>\n\t\t\t\t                <\/div>\n\t\t\t\t            <\/div>\n\t\t\t\t        <\/div>\n\t\t\t\t    <\/div>\n\t\t\t    \t\t\t<\/section>\n\t\t\t<!-- slider part end -->\t\n\n            \t\t\t\t<\/div>\n\t\t\t\t<\/div>\n\t\t\t\t\t<\/div>\n\t\t<\/div>\n\t\t\t\t\t<\/div>\n\t\t<\/section>\n\t\t\t\t<section class=\"elementor-section elementor-top-section elementor-element elementor-element-50a5da3 elementor-section-boxed elementor-section-height-default elementor-section-height-default\" data-id=\"50a5da3\" data-element_type=\"section\" data-e-type=\"section\">\n\t\t\t\t\t\t<div class=\"elementor-container elementor-column-gap-default\">\n\t\t\t\t\t<div class=\"elementor-column elementor-col-100 elementor-top-column elementor-element elementor-element-5202a3e\" data-id=\"5202a3e\" data-element_type=\"column\" data-e-type=\"column\">\n\t\t\t<div class=\"elementor-widget-wrap elementor-element-populated\">\n\t\t\t\t\t\t<div class=\"elementor-element elementor-element-64c8575 elementor-widget elementor-widget-text-editor\" data-id=\"64c8575\" data-element_type=\"widget\" data-e-type=\"widget\" data-widget_type=\"text-editor.default\">\n\t\t\t\t<div class=\"elementor-widget-container\">\n\t\t\t\t\t\t\t\t\t<p>Au <strong>Projet Kin-Qi,<\/strong> te ofrezco un enfoque profundo y personalizado para tu desarrollo personal y exploraci\u00f3n sexual. A trav\u00e9s de sesiones dise\u00f1adas para sanar, reconectar y despertar la energ\u00eda vital, aqu\u00ed encontrar\u00e1s un espacio seguro donde explorar tus deseos, liberar bloqueos y cultivar una relaci\u00f3n aut\u00e9ntica contigo mismo y con los dem\u00e1s.<\/p><p>Cada servicio est\u00e1 creado para apoyar tu viaje hacia una vida m\u00e1s plena, aut\u00e9ntica y conectada.<\/p>\t\t\t\t\t\t\t\t<\/div>\n\t\t\t\t<\/div>\n\t\t\t\t<div class=\"elementor-element elementor-element-df759e9 elementor-widget elementor-widget-text-editor\" data-id=\"df759e9\" data-element_type=\"widget\" data-e-type=\"widget\" data-widget_type=\"text-editor.default\">\n\t\t\t\t<div class=\"elementor-widget-container\">\n\t\t\t\t\t\t\t\t\t<h3>\u00a1Descubre las diversas vivencias que tengo para ti y siente cu\u00e1l te invita a conectar contigo mismo en este instante!<\/h3>\t\t\t\t\t\t\t\t<\/div>\n\t\t\t\t<\/div>\n\t\t\t\t\t<\/div>\n\t\t<\/div>\n\t\t\t\t\t<\/div>\n\t\t<\/section>\n\t\t\t\t<section class=\"elementor-section elementor-top-section elementor-element elementor-element-f0b951d elementor-section-boxed elementor-section-height-default elementor-section-height-default\" data-id=\"f0b951d\" data-element_type=\"section\" data-e-type=\"section\">\n\t\t\t\t\t\t<div class=\"elementor-container elementor-column-gap-default\">\n\t\t\t\t\t<div class=\"elementor-column elementor-col-25 elementor-top-column elementor-element elementor-element-4868547\" data-id=\"4868547\" data-element_type=\"column\" data-e-type=\"column\">\n\t\t\t<div class=\"elementor-widget-wrap elementor-element-populated\">\n\t\t\t\t\t\t<div class=\"elementor-element elementor-element-4525a17 elementor-widget elementor-widget-heading\" data-id=\"4525a17\" data-element_type=\"widget\" data-e-type=\"widget\" data-widget_type=\"heading.default\">\n\t\t\t\t<div class=\"elementor-widget-container\">\n\t\t\t\t\t<h3 class=\"elementor-heading-title elementor-size-default\"><a href=\"https:\/\/kinqiproject.com\/fr\/services\/experiences-de-vie\/\">Experiencias \u00fanicas y transformadoras<\/a><\/h3>\t\t\t\t<\/div>\n\t\t\t\t<\/div>\n\t\t\t\t<div class=\"elementor-element elementor-element-36c9ac7 elementor-widget elementor-widget-text-editor\" data-id=\"36c9ac7\" data-element_type=\"widget\" data-e-type=\"widget\" data-widget_type=\"text-editor.default\">\n\t\t\t\t<div class=\"elementor-widget-container\">\n\t\t\t\t\t\t\t\t\t<p>Encuentros intensos y \u00fanicos pensados para despertar transformar. Ideales para explorar profundamente tu energ\u00eda y tus emociones en un entorno de confianza, respetuoso y liberador.\u00a0<\/p>\t\t\t\t\t\t\t\t<\/div>\n\t\t\t\t<\/div>\n\t\t\t\t<div class=\"elementor-element elementor-element-375c27e elementor-align-center elementor-widget elementor-widget-button\" data-id=\"375c27e\" data-element_type=\"widget\" data-e-type=\"widget\" data-widget_type=\"button.default\">\n\t\t\t\t<div class=\"elementor-widget-container\">\n\t\t\t\t\t\t\t\t\t<div class=\"elementor-button-wrapper\">\n\t\t\t\t\t<a class=\"elementor-button elementor-button-link elementor-size-sm\" href=\"https:\/\/kinqiproject.com\/fr\/services\/experiences-de-vie\/\">\n\t\t\t\t\t\t<span class=\"elementor-button-content-wrapper\">\n\t\t\t\t\t\t\t\t\t<span class=\"elementor-button-text\">Descubre las experiencias<\/span>\n\t\t\t\t\t<\/span>\n\t\t\t\t\t<\/a>\n\t\t\t\t<\/div>\n\t\t\t\t\t\t\t\t<\/div>\n\t\t\t\t<\/div>\n\t\t\t\t\t<\/div>\n\t\t<\/div>\n\t\t\t\t<div class=\"elementor-column elementor-col-25 elementor-top-column elementor-element elementor-element-3165334\" data-id=\"3165334\" data-element_type=\"column\" data-e-type=\"column\">\n\t\t\t<div class=\"elementor-widget-wrap elementor-element-populated\">\n\t\t\t\t\t\t<div class=\"elementor-element elementor-element-4aed850 elementor-widget elementor-widget-heading\" data-id=\"4aed850\" data-element_type=\"widget\" data-e-type=\"widget\" data-widget_type=\"heading.default\">\n\t\t\t\t<div class=\"elementor-widget-container\">\n\t\t\t\t\t<h3 class=\"elementor-heading-title elementor-size-default\"><a href=\"https:\/\/kinqiproject.com\/fr\/services\/sesiones-de-desarrollo-y-exploracion\/\">Sesiones Continuadas de Crecimiento <\/a><\/h3>\t\t\t\t<\/div>\n\t\t\t\t<\/div>\n\t\t\t\t<div class=\"elementor-element elementor-element-0331cbc elementor-widget elementor-widget-text-editor\" data-id=\"0331cbc\" data-element_type=\"widget\" data-e-type=\"widget\" data-widget_type=\"text-editor.default\">\n\t\t\t\t<div class=\"elementor-widget-container\">\n\t\t\t\t\t\t\t\t\t<p>Sesiones regulares pensadas para quienes buscan un crecimiento m\u00e1s personal y profundo. Viajes que desbloquean, liberan y acompa\u00f1an en cada paso de tu camino.<\/p>\t\t\t\t\t\t\t\t<\/div>\n\t\t\t\t<\/div>\n\t\t\t\t<div class=\"elementor-element elementor-element-f1c4bff elementor-align-center elementor-widget elementor-widget-button\" data-id=\"f1c4bff\" data-element_type=\"widget\" data-e-type=\"widget\" data-widget_type=\"button.default\">\n\t\t\t\t<div class=\"elementor-widget-container\">\n\t\t\t\t\t\t\t\t\t<div class=\"elementor-button-wrapper\">\n\t\t\t\t\t<a class=\"elementor-button elementor-button-link elementor-size-sm\" href=\"https:\/\/kinqiproject.com\/fr\/services\/sesiones-de-desarrollo-y-exploracion\/\">\n\t\t\t\t\t\t<span class=\"elementor-button-content-wrapper\">\n\t\t\t\t\t\t\t\t\t<span class=\"elementor-button-text\">Saber m\u00e1s<\/span>\n\t\t\t\t\t<\/span>\n\t\t\t\t\t<\/a>\n\t\t\t\t<\/div>\n\t\t\t\t\t\t\t\t<\/div>\n\t\t\t\t<\/div>\n\t\t\t\t\t<\/div>\n\t\t<\/div>\n\t\t\t\t<div class=\"elementor-column elementor-col-25 elementor-top-column elementor-element elementor-element-57bf798\" data-id=\"57bf798\" data-element_type=\"column\" data-e-type=\"column\">\n\t\t\t<div class=\"elementor-widget-wrap elementor-element-populated\">\n\t\t\t\t\t\t<div class=\"elementor-element elementor-element-ee2ff48 elementor-widget elementor-widget-heading\" data-id=\"ee2ff48\" data-element_type=\"widget\" data-e-type=\"widget\" data-widget_type=\"heading.default\">\n\t\t\t\t<div class=\"elementor-widget-container\">\n\t\t\t\t\t<h3 class=\"elementor-heading-title elementor-size-default\"><a href=\"https:\/\/kinqiproject.com\/fr\/services\/acompanamiento-intimo-diversidad-funcional\/\">Diversidad Funcional -\nAcompa\u00f1amiento<\/a><\/h3>\t\t\t\t<\/div>\n\t\t\t\t<\/div>\n\t\t\t\t<div class=\"elementor-element elementor-element-b647a1f elementor-widget elementor-widget-text-editor\" data-id=\"b647a1f\" data-element_type=\"widget\" data-e-type=\"widget\" data-widget_type=\"text-editor.default\">\n\t\t\t\t<div class=\"elementor-widget-container\">\n\t\t\t\t\t\t\t\t\t<p>Una experiencia inclusiva y personalizada para personas con diversidad funcional, donde la exploraci\u00f3n er\u00f3tica, el acceso pleno al placer y la autenticidad corp\u00f3rea como derechos humanos.<\/p>\t\t\t\t\t\t\t\t<\/div>\n\t\t\t\t<\/div>\n\t\t\t\t<div class=\"elementor-element elementor-element-0c5326e elementor-align-center elementor-widget elementor-widget-button\" data-id=\"0c5326e\" data-element_type=\"widget\" data-e-type=\"widget\" data-widget_type=\"button.default\">\n\t\t\t\t<div class=\"elementor-widget-container\">\n\t\t\t\t\t\t\t\t\t<div class=\"elementor-button-wrapper\">\n\t\t\t\t\t<a class=\"elementor-button elementor-button-link elementor-size-sm\" href=\"https:\/\/kinqiproject.com\/fr\/services\/acompanamiento-intimo-diversidad-funcional\/\">\n\t\t\t\t\t\t<span class=\"elementor-button-content-wrapper\">\n\t\t\t\t\t\t\t\t\t<span class=\"elementor-button-text\">Plus d'informations<\/span>\n\t\t\t\t\t<\/span>\n\t\t\t\t\t<\/a>\n\t\t\t\t<\/div>\n\t\t\t\t\t\t\t\t<\/div>\n\t\t\t\t<\/div>\n\t\t\t\t\t<\/div>\n\t\t<\/div>\n\t\t\t\t<div class=\"elementor-column elementor-col-25 elementor-top-column elementor-element elementor-element-3ae6ddf\" data-id=\"3ae6ddf\" data-element_type=\"column\" data-e-type=\"column\">\n\t\t\t<div class=\"elementor-widget-wrap elementor-element-populated\">\n\t\t\t\t\t\t<div class=\"elementor-element elementor-element-8b3ea01 elementor-widget elementor-widget-heading\" data-id=\"8b3ea01\" data-element_type=\"widget\" data-e-type=\"widget\" data-widget_type=\"heading.default\">\n\t\t\t\t<div class=\"elementor-widget-container\">\n\t\t\t\t\t<h3 class=\"elementor-heading-title elementor-size-default\"><a href=\"https:\/\/kinqiproject.com\/fr\/services\/fly-me2u\/\">Fly Me 2 U - Experiencia Itinerante<\/a><\/h3>\t\t\t\t<\/div>\n\t\t\t\t<\/div>\n\t\t\t\t<div class=\"elementor-element elementor-element-a20ad51 elementor-widget elementor-widget-text-editor\" data-id=\"a20ad51\" data-element_type=\"widget\" data-e-type=\"widget\" data-widget_type=\"text-editor.default\">\n\t\t\t\t<div class=\"elementor-widget-container\">\n\t\t\t\t\t\t\t\t\t<p>Sesiones exclusivas en cualquier lugar: te llevo la transformaci\u00f3n y el aprendizaje all\u00ed donde lo necesites, ya sea en tu hogar, durante un viaje o un refugio de introspecci\u00f3n y reprogramaci\u00f3n.<\/p>\t\t\t\t\t\t\t\t<\/div>\n\t\t\t\t<\/div>\n\t\t\t\t<div class=\"elementor-element elementor-element-eea2bad elementor-align-center elementor-widget elementor-widget-button\" data-id=\"eea2bad\" data-element_type=\"widget\" data-e-type=\"widget\" data-widget_type=\"button.default\">\n\t\t\t\t<div class=\"elementor-widget-container\">\n\t\t\t\t\t\t\t\t\t<div class=\"elementor-button-wrapper\">\n\t\t\t\t\t<a class=\"elementor-button elementor-button-link elementor-size-sm\" href=\"https:\/\/kinqiproject.com\/fr\/services\/fly-me2u\/\">\n\t\t\t\t\t\t<span class=\"elementor-button-content-wrapper\">\n\t\t\t\t\t\t\t\t\t<span class=\"elementor-button-text\">Saber m\u00e1s<\/span>\n\t\t\t\t\t<\/span>\n\t\t\t\t\t<\/a>\n\t\t\t\t<\/div>\n\t\t\t\t\t\t\t\t<\/div>\n\t\t\t\t<\/div>\n\t\t\t\t\t<\/div>\n\t\t<\/div>\n\t\t\t\t\t<\/div>\n\t\t<\/section>\n\t\t\t\t<section class=\"elementor-section elementor-top-section elementor-element elementor-element-8d1af18 elementor-section-boxed elementor-section-height-default elementor-section-height-default\" data-id=\"8d1af18\" data-element_type=\"section\" data-e-type=\"section\">\n\t\t\t\t\t\t<div class=\"elementor-container elementor-column-gap-default\">\n\t\t\t\t\t<div class=\"elementor-column elementor-col-100 elementor-top-column elementor-element elementor-element-fd3b334\" data-id=\"fd3b334\" data-element_type=\"column\" data-e-type=\"column\">\n\t\t\t<div class=\"elementor-widget-wrap elementor-element-populated\">\n\t\t\t\t\t\t<div class=\"elementor-element elementor-element-e1667e1 elementor-widget-divider--view-line elementor-widget elementor-widget-divider\" data-id=\"e1667e1\" data-element_type=\"widget\" data-e-type=\"widget\" data-widget_type=\"divider.default\">\n\t\t\t\t<div class=\"elementor-widget-container\">\n\t\t\t\t\t\t\t<div class=\"elementor-divider\">\n\t\t\t<span class=\"elementor-divider-separator\">\n\t\t\t\t\t\t<\/span>\n\t\t<\/div>\n\t\t\t\t\t\t<\/div>\n\t\t\t\t<\/div>\n\t\t\t\t\t<\/div>\n\t\t<\/div>\n\t\t\t\t\t<\/div>\n\t\t<\/section>\n\t\t\t\t<section class=\"elementor-section elementor-top-section elementor-element elementor-element-1c60f7d elementor-section-boxed elementor-section-height-default elementor-section-height-default\" data-id=\"1c60f7d\" data-element_type=\"section\" data-e-type=\"section\">\n\t\t\t\t\t\t<div class=\"elementor-container elementor-column-gap-default\">\n\t\t\t\t\t<div class=\"elementor-column elementor-col-100 elementor-top-column elementor-element elementor-element-b7cf13d\" data-id=\"b7cf13d\" data-element_type=\"column\" data-e-type=\"column\">\n\t\t\t<div class=\"elementor-widget-wrap elementor-element-populated\">\n\t\t\t\t\t\t<div class=\"elementor-element elementor-element-35b7e86 elementor-widget elementor-widget-heading\" data-id=\"35b7e86\" data-element_type=\"widget\" data-e-type=\"widget\" data-widget_type=\"heading.default\">\n\t\t\t\t<div class=\"elementor-widget-container\">\n\t\t\t\t\t<h6 class=\"elementor-heading-title elementor-size-default\">\"Hay un mar que no est\u00e1 lejos de nosotros, es invisible, pero no est\u00e1 oculto. Est\u00e1 prohibido hablar de \u00e9l, pero al mismo tiempo es un pecado y un indicio de ingratitud no hacerlo.\" \nRumi<\/h6>\t\t\t\t<\/div>\n\t\t\t\t<\/div>\n\t\t\t\t\t<\/div>\n\t\t<\/div>\n\t\t\t\t\t<\/div>\n\t\t<\/section>\n\t\t\t\t<section class=\"elementor-section elementor-top-section elementor-element elementor-element-ec2bb42 elementor-section-boxed elementor-section-height-default elementor-section-height-default\" data-id=\"ec2bb42\" data-element_type=\"section\" data-e-type=\"section\">\n\t\t\t\t\t\t<div class=\"elementor-container elementor-column-gap-default\">\n\t\t\t\t\t<div class=\"elementor-column elementor-col-100 elementor-top-column elementor-element elementor-element-813c040\" data-id=\"813c040\" data-element_type=\"column\" data-e-type=\"column\">\n\t\t\t<div class=\"elementor-widget-wrap elementor-element-populated\">\n\t\t\t\t\t\t<div class=\"elementor-element elementor-element-e63c291 elementor-widget-divider--view-line elementor-widget elementor-widget-divider\" data-id=\"e63c291\" data-element_type=\"widget\" data-e-type=\"widget\" data-widget_type=\"divider.default\">\n\t\t\t\t<div class=\"elementor-widget-container\">\n\t\t\t\t\t\t\t<div class=\"elementor-divider\">\n\t\t\t<span class=\"elementor-divider-separator\">\n\t\t\t\t\t\t<\/span>\n\t\t<\/div>\n\t\t\t\t\t\t<\/div>\n\t\t\t\t<\/div>\n\t\t\t\t\t<\/div>\n\t\t<\/div>\n\t\t\t\t\t<\/div>\n\t\t<\/section>\n\t\t\t\t<section class=\"elementor-section elementor-top-section elementor-element elementor-element-fe29a84 elementor-section-boxed elementor-section-height-default elementor-section-height-default\" data-id=\"fe29a84\" data-element_type=\"section\" data-e-type=\"section\">\n\t\t\t\t\t\t<div class=\"elementor-container elementor-column-gap-default\">\n\t\t\t\t\t<div class=\"elementor-column elementor-col-100 elementor-top-column elementor-element elementor-element-419b74a\" data-id=\"419b74a\" data-element_type=\"column\" data-e-type=\"column\">\n\t\t\t<div class=\"elementor-widget-wrap elementor-element-populated\">\n\t\t\t\t\t\t<div class=\"elementor-element elementor-element-3e8c9f3 elementor-align-center elementor-widget elementor-widget-button\" data-id=\"3e8c9f3\" data-element_type=\"widget\" data-e-type=\"widget\" data-widget_type=\"button.default\">\n\t\t\t\t<div class=\"elementor-widget-container\">\n\t\t\t\t\t\t\t\t\t<div class=\"elementor-button-wrapper\">\n\t\t\t\t\t<a class=\"elementor-button elementor-button-link elementor-size-sm\" href=\"https:\/\/kinqiproject.com\/fr\/faqs-kin-qi\/\">\n\t\t\t\t\t\t<span class=\"elementor-button-content-wrapper\">\n\t\t\t\t\t\t\t\t\t<span class=\"elementor-button-text\">Preguntas Frecuentes en mis Sevicios<\/span>\n\t\t\t\t\t<\/span>\n\t\t\t\t\t<\/a>\n\t\t\t\t<\/div>\n\t\t\t\t\t\t\t\t<\/div>\n\t\t\t\t<\/div>\n\t\t\t\t\t<\/div>\n\t\t<\/div>\n\t\t\t\t\t<\/div>\n\t\t<\/section>\n\t\t\t\t<section class=\"elementor-section elementor-top-section elementor-element elementor-element-035b42e elementor-section-boxed elementor-section-height-default elementor-section-height-default\" data-id=\"035b42e\" data-element_type=\"section\" data-e-type=\"section\">\n\t\t\t\t\t\t<div class=\"elementor-container elementor-column-gap-default\">\n\t\t\t\t\t<div class=\"elementor-column elementor-col-100 elementor-top-column elementor-element elementor-element-14ab6b4\" data-id=\"14ab6b4\" data-element_type=\"column\" data-e-type=\"column\">\n\t\t\t<div class=\"elementor-widget-wrap elementor-element-populated\">\n\t\t\t\t\t\t<div class=\"elementor-element elementor-element-3b83914 elementor-widget elementor-widget-text-editor\" data-id=\"3b83914\" data-element_type=\"widget\" data-e-type=\"widget\" data-widget_type=\"text-editor.default\">\n\t\t\t\t<div class=\"elementor-widget-container\">\n\t\t\t\t\t\t\t\t\t<p>Rejoins ma communaut\u00e9 sur les m\u00e9dias sociaux et d\u00e9couvre plus de choses sur le d\u00e9veloppement personnel, l'\u00e9nergie et la sexualit\u00e9 dans chaque post. suis-moi !<\/p>\t\t\t\t\t\t\t\t<\/div>\n\t\t\t\t<\/div>\n\t\t\t\t<div class=\"elementor-element elementor-element-8e0cbff elementor-shape-rounded elementor-grid-0 e-grid-align-center elementor-widget elementor-widget-social-icons\" data-id=\"8e0cbff\" data-element_type=\"widget\" data-e-type=\"widget\" data-widget_type=\"social-icons.default\">\n\t\t\t\t<div class=\"elementor-widget-container\">\n\t\t\t\t\t\t\t<div class=\"elementor-social-icons-wrapper elementor-grid\" role=\"list\">\n\t\t\t\t\t\t\t<span class=\"elementor-grid-item\" role=\"listitem\">\n\t\t\t\t\t<a class=\"elementor-icon elementor-social-icon elementor-social-icon-x-twitter elementor-repeater-item-3c06b56\" href=\"https:\/\/x.com\/kin_qi_project\" target=\"_blank\" rel=\"nofollow\">\n\t\t\t\t\t\t<span class=\"elementor-screen-only\">X-twitter<\/span>\n\t\t\t\t\t\t<i aria-hidden=\"true\" class=\"fab fa-x-twitter\"><\/i>\t\t\t\t\t<\/a>\n\t\t\t\t<\/span>\n\t\t\t\t\t\t\t<span class=\"elementor-grid-item\" role=\"listitem\">\n\t\t\t\t\t<a class=\"elementor-icon elementor-social-icon elementor-social-icon-instagram elementor-repeater-item-48f167f\" href=\"https:\/\/www.instagram.com\/kinqi.project\/\" target=\"_blank\" rel=\"nofollow noopener\">\n\t\t\t\t\t\t<span class=\"elementor-screen-only\">Instagram<\/span>\n\t\t\t\t\t\t<i aria-hidden=\"true\" class=\"fab fa-instagram\"><\/i>\t\t\t\t\t<\/a>\n\t\t\t\t<\/span>\n\t\t\t\t\t\t\t<span class=\"elementor-grid-item\" role=\"listitem\">\n\t\t\t\t\t<a class=\"elementor-icon elementor-social-icon elementor-social-icon-telegram elementor-repeater-item-1733a2c\" href=\"http:\/\/@fabitantra\" target=\"_blank\" rel=\"nofollow\">\n\t\t\t\t\t\t<span class=\"elementor-screen-only\">T\u00e9l\u00e9gramme<\/span>\n\t\t\t\t\t\t<i aria-hidden=\"true\" class=\"fab fa-telegram\"><\/i>\t\t\t\t\t<\/a>\n\t\t\t\t<\/span>\n\t\t\t\t\t<\/div>\n\t\t\t\t\t\t<\/div>\n\t\t\t\t<\/div>\n\t\t\t\t\t<\/div>\n\t\t<\/div>\n\t\t\t\t\t<\/div>\n\t\t<\/section>\n\t\t\t\t<\/div>","protected":false},"excerpt":{"rendered":"<p>Servicios Experiencias \u00fanicas y vivenciales Shibari Saber m\u00e1s Experiencias \u00fanicas y vivenciales Masaje Tantra Saber m\u00e1s Experiencias \u00fanicas y vivenciales Butoh M\u00e1s info En Kin-Qi Project, te ofrezco un enfoque profundo y personalizado para tu desarrollo personal y exploraci\u00f3n sexual. A trav\u00e9s de sesiones dise\u00f1adas para sanar, reconectar y despertar la energ\u00eda vital, aqu\u00ed encontrar\u00e1s [&hellip;]<\/p>\n","protected":false},"author":1,"featured_media":0,"parent":0,"menu_order":1,"comment_status":"closed","ping_status":"closed","template":"elementor_header_footer","meta":{"footnotes":""},"class_list":["post-2731","page","type-page","status-publish","hentry"],"_links":{"self":[{"href":"https:\/\/kinqiproject.com\/fr\/wp-json\/wp\/v2\/pages\/2731","targetHints":{"allow":["GET"]}}],"collection":[{"href":"https:\/\/kinqiproject.com\/fr\/wp-json\/wp\/v2\/pages"}],"about":[{"href":"https:\/\/kinqiproject.com\/fr\/wp-json\/wp\/v2\/types\/page"}],"author":[{"embeddable":true,"href":"https:\/\/kinqiproject.com\/fr\/wp-json\/wp\/v2\/users\/1"}],"replies":[{"embeddable":true,"href":"https:\/\/kinqiproject.com\/fr\/wp-json\/wp\/v2\/comments?post=2731"}],"version-history":[{"count":107,"href":"https:\/\/kinqiproject.com\/fr\/wp-json\/wp\/v2\/pages\/2731\/revisions"}],"predecessor-version":[{"id":3833,"href":"https:\/\/kinqiproject.com\/fr\/wp-json\/wp\/v2\/pages\/2731\/revisions\/3833"}],"wp:attachment":[{"href":"https:\/\/kinqiproject.com\/fr\/wp-json\/wp\/v2\/media?parent=2731"}],"curies":[{"name":"wp","href":"https:\/\/api.w.org\/{rel}","templated":true}]}}