{"id":405,"date":"2020-02-23T05:13:21","date_gmt":"2020-02-23T05:13:21","guid":{"rendered":"http:\/\/localhost\/Varsity\/?page_id=52"},"modified":"2025-01-13T03:00:13","modified_gmt":"2025-01-13T01:00:13","slug":"fabiana-charrua","status":"publish","type":"page","link":"https:\/\/kinqiproject.com\/en\/fabiana-charrua\/","title":{"rendered":"Who I am"},"content":{"rendered":"<div data-elementor-type=\"wp-page\" data-elementor-id=\"405\" class=\"elementor elementor-405\">\n\t\t\t\t\t\t<section class=\"elementor-section elementor-top-section elementor-element elementor-element-5629646 elementor-section-boxed elementor-section-height-default elementor-section-height-default\" data-id=\"5629646\" data-element_type=\"section\" data-e-type=\"section\">\n\t\t\t\t\t\t<div class=\"elementor-container elementor-column-gap-default\">\n\t\t\t\t\t<div class=\"elementor-column elementor-col-100 elementor-top-column elementor-element elementor-element-b680205\" data-id=\"b680205\" data-element_type=\"column\" data-e-type=\"column\">\n\t\t\t<div class=\"elementor-widget-wrap elementor-element-populated\">\n\t\t\t\t\t\t<div class=\"elementor-element elementor-element-49cedf5 elementor-widget elementor-widget-heading\" data-id=\"49cedf5\" data-element_type=\"widget\" data-e-type=\"widget\" data-widget_type=\"heading.default\">\n\t\t\t\t<div class=\"elementor-widget-container\">\n\t\t\t\t\t<h1 class=\"elementor-heading-title elementor-size-default\">Who am I?<\/h1>\t\t\t\t<\/div>\n\t\t\t\t<\/div>\n\t\t\t\t\t<\/div>\n\t\t<\/div>\n\t\t\t\t\t<\/div>\n\t\t<\/section>\n\t\t\t\t<section class=\"elementor-section elementor-top-section elementor-element elementor-element-0dccc23 elementor-section-boxed elementor-section-height-default elementor-section-height-default\" data-id=\"0dccc23\" data-element_type=\"section\" data-e-type=\"section\">\n\t\t\t\t\t\t<div class=\"elementor-container elementor-column-gap-default\">\n\t\t\t\t\t<div class=\"elementor-column elementor-col-100 elementor-top-column elementor-element elementor-element-6ad3575\" data-id=\"6ad3575\" data-element_type=\"column\" data-e-type=\"column\">\n\t\t\t<div class=\"elementor-widget-wrap elementor-element-populated\">\n\t\t\t\t\t\t<div class=\"elementor-element elementor-element-3880733 elementor-widget elementor-widget-image\" data-id=\"3880733\" data-element_type=\"widget\" data-e-type=\"widget\" data-widget_type=\"image.default\">\n\t\t\t\t<div class=\"elementor-widget-container\">\n\t\t\t\t\t\t\t\t\t\t\t\t\t\t\t<img fetchpriority=\"high\" decoding=\"async\" width=\"1274\" height=\"746\" src=\"https:\/\/kinqiproject.com\/wp-content\/uploads\/2025\/01\/quien-soy-1.jpg\" class=\"attachment-full size-full wp-image-3972\" alt=\"Kinqi project tantra fabi\" srcset=\"https:\/\/kinqiproject.com\/wp-content\/uploads\/2025\/01\/quien-soy-1.jpg 1274w, https:\/\/kinqiproject.com\/wp-content\/uploads\/2025\/01\/quien-soy-1-300x176.jpg 300w, https:\/\/kinqiproject.com\/wp-content\/uploads\/2025\/01\/quien-soy-1-1024x600.jpg 1024w, https:\/\/kinqiproject.com\/wp-content\/uploads\/2025\/01\/quien-soy-1-768x450.jpg 768w, https:\/\/kinqiproject.com\/wp-content\/uploads\/2025\/01\/quien-soy-1-18x12.jpg 18w\" sizes=\"(max-width: 1274px) 100vw, 1274px\">\t\t\t\t\t\t\t\t\t\t\t\t\t\t\t<\/div>\n\t\t\t\t<\/div>\n\t\t\t\t\t<\/div>\n\t\t<\/div>\n\t\t\t\t\t<\/div>\n\t\t<\/section>\n\t\t\t\t<section class=\"elementor-section elementor-top-section elementor-element elementor-element-42d1fa7 elementor-section-boxed elementor-section-height-default elementor-section-height-default\" data-id=\"42d1fa7\" data-element_type=\"section\" data-e-type=\"section\">\n\t\t\t\t\t\t<div class=\"elementor-container elementor-column-gap-default\">\n\t\t\t\t\t<div class=\"elementor-column elementor-col-100 elementor-top-column elementor-element elementor-element-16b1b81\" data-id=\"16b1b81\" data-element_type=\"column\" data-e-type=\"column\">\n\t\t\t<div class=\"elementor-widget-wrap elementor-element-populated\">\n\t\t\t\t\t\t<div class=\"elementor-element elementor-element-93f5caf elementor-widget elementor-widget-text-editor\" data-id=\"93f5caf\" data-element_type=\"widget\" data-e-type=\"widget\" data-widget_type=\"text-editor.default\">\n\t\t\t\t<div class=\"elementor-widget-container\">\n\t\t\t\t\t\t\t\t\t<p><span style=\"font-weight: 400;\">I am Fabiana Charrua (<strong>Fabi Tantra)<\/strong>the founder and facilitator of Kin Qi. My passion for nature, science and spiritual awareness has led me to become a curious child, a Connected Woman and a Conscious Mother.\u00a0<\/span><\/p><p><span style=\"font-weight: 400;\">I work as<\/span><b> Tantra and Tao Facilitator, Sexologist, Conscious Sexuality Educator<\/b><span style=\"font-weight: 400;\"> for adults, adolescents, people with functional diversity and their families. In addition, I am <\/span><b>Chiromassage, Aromatherapy and Natural Cosmetology Consultant<\/b><span style=\"font-weight: 400;\">. My therapeutic interests include areas such as BDSM, role play, shibari and natural materials, and I love the <\/span><i><span style=\"font-weight: 400;\">somatic theatre arts<\/span><\/i><span style=\"font-weight: 400;\"> as <\/span><i><span style=\"font-weight: 400;\">artistic performer<\/span><\/i><span style=\"font-weight: 400;\">.<\/span><span style=\"font-weight: 400;\"><br \/><\/span><span style=\"font-weight: 400;\">Thus, by widening my gaze and moving away from the focus <\/span><i><span style=\"font-weight: 400;\">new age<\/span><\/i><span style=\"font-weight: 400;\">using more conceptual terms that resonate with me and contemporary society.<\/span><\/p><p><span style=\"font-weight: 400;\">Let me share with you a little bit about my story...<\/span><\/p>\t\t\t\t\t\t\t\t<\/div>\n\t\t\t\t<\/div>\n\t\t\t\t\t<\/div>\n\t\t<\/div>\n\t\t\t\t\t<\/div>\n\t\t<\/section>\n\t\t\t\t<section class=\"elementor-section elementor-top-section elementor-element elementor-element-6450874 elementor-section-boxed elementor-section-height-default elementor-section-height-default\" data-id=\"6450874\" data-element_type=\"section\" data-e-type=\"section\">\n\t\t\t\t\t\t<div class=\"elementor-container elementor-column-gap-default\">\n\t\t\t\t\t<div class=\"elementor-column elementor-col-100 elementor-top-column elementor-element elementor-element-f60460f\" data-id=\"f60460f\" data-element_type=\"column\" data-e-type=\"column\">\n\t\t\t<div class=\"elementor-widget-wrap elementor-element-populated\">\n\t\t\t\t\t\t<div class=\"elementor-element elementor-element-a556daa elementor-widget elementor-widget-image\" data-id=\"a556daa\" data-element_type=\"widget\" data-e-type=\"widget\" data-widget_type=\"image.default\">\n\t\t\t\t<div class=\"elementor-widget-container\">\n\t\t\t\t\t\t\t\t\t\t\t\t\t\t\t<img decoding=\"async\" width=\"2560\" height=\"1692\" src=\"https:\/\/kinqiproject.com\/wp-content\/uploads\/2025\/01\/1694041177439-scaled.jpg\" class=\"attachment-full size-full wp-image-3976\" alt=\"Kinqi project tantra fabi\" srcset=\"https:\/\/kinqiproject.com\/wp-content\/uploads\/2025\/01\/1694041177439-scaled.jpg 2560w, https:\/\/kinqiproject.com\/wp-content\/uploads\/2025\/01\/1694041177439-300x198.jpg 300w, https:\/\/kinqiproject.com\/wp-content\/uploads\/2025\/01\/1694041177439-1024x677.jpg 1024w, https:\/\/kinqiproject.com\/wp-content\/uploads\/2025\/01\/1694041177439-768x508.jpg 768w, https:\/\/kinqiproject.com\/wp-content\/uploads\/2025\/01\/1694041177439-1536x1015.jpg 1536w, https:\/\/kinqiproject.com\/wp-content\/uploads\/2025\/01\/1694041177439-2048x1354.jpg 2048w, https:\/\/kinqiproject.com\/wp-content\/uploads\/2025\/01\/1694041177439-18x12.jpg 18w\" sizes=\"(max-width: 2560px) 100vw, 2560px\">\t\t\t\t\t\t\t\t\t\t\t\t\t\t\t<\/div>\n\t\t\t\t<\/div>\n\t\t\t\t\t<\/div>\n\t\t<\/div>\n\t\t\t\t\t<\/div>\n\t\t<\/section>\n\t\t\t\t<section class=\"elementor-section elementor-top-section elementor-element elementor-element-bb1cc12 elementor-section-boxed elementor-section-height-default elementor-section-height-default\" data-id=\"bb1cc12\" data-element_type=\"section\" data-e-type=\"section\">\n\t\t\t\t\t\t<div class=\"elementor-container elementor-column-gap-default\">\n\t\t\t\t\t<div class=\"elementor-column elementor-col-100 elementor-top-column elementor-element elementor-element-efe669e\" data-id=\"efe669e\" data-element_type=\"column\" data-e-type=\"column\">\n\t\t\t<div class=\"elementor-widget-wrap elementor-element-populated\">\n\t\t\t\t\t\t<div class=\"elementor-element elementor-element-f55bf6f elementor-widget elementor-widget-heading\" data-id=\"f55bf6f\" data-element_type=\"widget\" data-e-type=\"widget\" data-widget_type=\"heading.default\">\n\t\t\t\t<div class=\"elementor-widget-container\">\n\t\t\t\t\t<h2 class=\"elementor-heading-title elementor-size-default\">A little more about me<\/h2>\t\t\t\t<\/div>\n\t\t\t\t<\/div>\n\t\t\t\t\t<\/div>\n\t\t<\/div>\n\t\t\t\t\t<\/div>\n\t\t<\/section>\n\t\t\t\t<section class=\"elementor-section elementor-top-section elementor-element elementor-element-3968c4d elementor-section-full_width elementor-section-height-default elementor-section-height-default\" data-id=\"3968c4d\" data-element_type=\"section\" data-e-type=\"section\">\n\t\t\t\t\t\t<div class=\"elementor-container elementor-column-gap-default\">\n\t\t\t\t\t<div class=\"elementor-column elementor-col-100 elementor-top-column elementor-element elementor-element-5f5fccb\" data-id=\"5f5fccb\" data-element_type=\"column\" data-e-type=\"column\">\n\t\t\t<div class=\"elementor-widget-wrap elementor-element-populated\">\n\t\t\t\t\t\t<section class=\"elementor-section elementor-inner-section elementor-element elementor-element-5ead722 elementor-section-boxed elementor-section-height-default elementor-section-height-default\" data-id=\"5ead722\" data-element_type=\"section\" data-e-type=\"section\">\n\t\t\t\t\t\t<div class=\"elementor-container elementor-column-gap-default\">\n\t\t\t\t\t<div class=\"elementor-column elementor-col-50 elementor-inner-column elementor-element elementor-element-6c822e9\" data-id=\"6c822e9\" data-element_type=\"column\" data-e-type=\"column\">\n\t\t\t<div class=\"elementor-widget-wrap elementor-element-populated\">\n\t\t\t\t\t\t<div class=\"elementor-element elementor-element-16c5072 elementor-widget elementor-widget-text-editor\" data-id=\"16c5072\" data-element_type=\"widget\" data-e-type=\"widget\" data-widget_type=\"text-editor.default\">\n\t\t\t\t<div class=\"elementor-widget-container\">\n\t\t\t\t\t\t\t\t\t<p><span style=\"font-weight: 400;\">Born into a matriarchy, I grew up in the beautiful village of Tras-os-Montes, Vimioso, Portugal. As a child, I enjoyed touching and massaging my mother and sisters by the fire. My exploration focused on the beauty of details and \"perfect imperfections\". The connection I experienced in touching and caring for others led me to understand a communication beyond the verbal, without sexual intentions.<\/span><\/p><p><span style=\"font-weight: 400;\">Passionate about nature and science, I studied Marine Science and Biology at the University of Algarve, Portugal. However, one day I went back to those childhood memories and felt that my true passion was human contact together with the power of massage. So, I trained as a <\/span><b>Massage Therapist, Thermal Therapist and Balneotherapy Therapist<\/b><span style=\"font-weight: 400;\">, I have a passion for Californian massage, lymphatic drainage and facial massage.<\/span><\/p><p><span style=\"font-weight: 400;\">I worked in spas, geothermal centres and dermo-cosmetic clinics, but I felt that something was missing.<\/span><\/p>\t\t\t\t\t\t\t\t<\/div>\n\t\t\t\t<\/div>\n\t\t\t\t\t<\/div>\n\t\t<\/div>\n\t\t\t\t<div class=\"elementor-column elementor-col-50 elementor-inner-column elementor-element elementor-element-01797f1\" data-id=\"01797f1\" data-element_type=\"column\" data-e-type=\"column\">\n\t\t\t<div class=\"elementor-widget-wrap elementor-element-populated\">\n\t\t\t\t\t\t<div class=\"elementor-element elementor-element-5e36973 elementor-widget elementor-widget-text-editor\" data-id=\"5e36973\" data-element_type=\"widget\" data-e-type=\"widget\" data-widget_type=\"text-editor.default\">\n\t\t\t\t<div class=\"elementor-widget-container\">\n\t\t\t\t\t\t\t\t\t<p><span style=\"font-weight: 400;\">My perception of the human being expanded beyond the physical body,\u00a0 <\/span><b>my connection to the other's energy and emotional openness through conscious contact<\/b><span style=\"font-weight: 400;\"> led me to a new project. I joined the creation of a <\/span><b>Experimental and Experiential Residence-Laboratory,<\/b><span style=\"font-weight: 400;\"> dedicated to alternative education and interdisciplinary studies.<\/span><\/p><p><span style=\"font-weight: 400;\">In 2012, I was personally invited by Petter Hegre, a Norwegian photographer, to work in his photography studio in Sitges, Barcelona, specialising in a new erotic perspective. For 4 years, I was <\/span><b>Massage Therapist, Tantric Therapist<\/b><span style=\"font-weight: 400;\"> and content creator, immersing myself in the <\/span><b>Tantra discovery techniques, Sexual Tao<\/b><span style=\"font-weight: 400;\"> and new forms of erotic expression.<\/span><\/p><p><span style=\"font-weight: 400;\">After accompanying people from all over the world in their personal growth, I decided to embark on a new stage: motherhood. This journey led me on a continuous search for honesty, compassion, ecstasy and detachment, allowing me to know myself better and embrace my authenticity.<\/span><\/p>\t\t\t\t\t\t\t\t<\/div>\n\t\t\t\t<\/div>\n\t\t\t\t\t<\/div>\n\t\t<\/div>\n\t\t\t\t\t<\/div>\n\t\t<\/section>\n\t\t\t\t\t<\/div>\n\t\t<\/div>\n\t\t\t\t\t<\/div>\n\t\t<\/section>\n\t\t\t\t<section class=\"elementor-section elementor-top-section elementor-element elementor-element-b9eafb9 elementor-section-boxed elementor-section-height-default elementor-section-height-default\" data-id=\"b9eafb9\" data-element_type=\"section\" data-e-type=\"section\">\n\t\t\t\t\t\t<div class=\"elementor-container elementor-column-gap-default\">\n\t\t\t\t\t<div class=\"elementor-column elementor-col-100 elementor-top-column elementor-element elementor-element-8c4bced\" data-id=\"8c4bced\" data-element_type=\"column\" data-e-type=\"column\">\n\t\t\t<div class=\"elementor-widget-wrap elementor-element-populated\">\n\t\t\t\t\t\t<div class=\"elementor-element elementor-element-40395f5 elementor-widget elementor-widget-image\" data-id=\"40395f5\" data-element_type=\"widget\" data-e-type=\"widget\" data-widget_type=\"image.default\">\n\t\t\t\t<div class=\"elementor-widget-container\">\n\t\t\t\t\t\t\t\t\t\t\t\t\t\t\t<img decoding=\"async\" width=\"2560\" height=\"1707\" src=\"https:\/\/kinqiproject.com\/wp-content\/uploads\/2025\/01\/1687000051379-scaled.jpg\" class=\"attachment-full size-full wp-image-3978\" alt=\"Massage Therapist, Tantric Therapist\" srcset=\"https:\/\/kinqiproject.com\/wp-content\/uploads\/2025\/01\/1687000051379-scaled.jpg 2560w, https:\/\/kinqiproject.com\/wp-content\/uploads\/2025\/01\/1687000051379-300x200.jpg 300w, https:\/\/kinqiproject.com\/wp-content\/uploads\/2025\/01\/1687000051379-1024x683.jpg 1024w, https:\/\/kinqiproject.com\/wp-content\/uploads\/2025\/01\/1687000051379-768x512.jpg 768w, https:\/\/kinqiproject.com\/wp-content\/uploads\/2025\/01\/1687000051379-1536x1024.jpg 1536w, https:\/\/kinqiproject.com\/wp-content\/uploads\/2025\/01\/1687000051379-2048x1365.jpg 2048w, https:\/\/kinqiproject.com\/wp-content\/uploads\/2025\/01\/1687000051379-18x12.jpg 18w\" sizes=\"(max-width: 2560px) 100vw, 2560px\" \/>\t\t\t\t\t\t\t\t\t\t\t\t\t\t\t<\/div>\n\t\t\t\t<\/div>\n\t\t\t\t\t<\/div>\n\t\t<\/div>\n\t\t\t\t\t<\/div>\n\t\t<\/section>\n\t\t\t\t<section class=\"elementor-section elementor-top-section elementor-element elementor-element-e4dd1c8 elementor-section-boxed elementor-section-height-default elementor-section-height-default\" data-id=\"e4dd1c8\" data-element_type=\"section\" data-e-type=\"section\">\n\t\t\t\t\t\t<div class=\"elementor-container elementor-column-gap-default\">\n\t\t\t\t\t<div class=\"elementor-column elementor-col-100 elementor-top-column elementor-element elementor-element-1f45701\" data-id=\"1f45701\" data-element_type=\"column\" data-e-type=\"column\">\n\t\t\t<div class=\"elementor-widget-wrap elementor-element-populated\">\n\t\t\t\t\t\t<div class=\"elementor-element elementor-element-3f050bb elementor-widget elementor-widget-text-editor\" data-id=\"3f050bb\" data-element_type=\"widget\" data-e-type=\"widget\" data-widget_type=\"text-editor.default\">\n\t\t\t\t<div class=\"elementor-widget-container\">\n\t\t\t\t\t\t\t\t\t<p><span style=\"font-weight: 400;\">Six years of uninterrupted motherhood and breastfeeding brought out a strong and wise woman in me. My interest in non-toxic living led me to explore aromatherapy, connecting with the properties of medicinal plants and sharing this knowledge with other women and families.<\/span><\/p><p><span style=\"font-weight: 400;\">My desire is to share tools that have helped me in my search for joy, magic and freedom. Complementing my experience, I obtained a <\/span><b>Postgraduate in Sexology and Sexuality Education for Adolescents and the Disabled<\/b><span style=\"font-weight: 400;\">. I work to raise awareness among young people and children about sex education and advocate for the sexual rights of people with disabilities.<\/span><\/p><p><span style=\"font-weight: 400;\"><br \/><\/span><span style=\"font-weight: 400;\">In the last 2 years, I trained <\/span><b>in Integrative Sexuality<\/b><span style=\"font-weight: 400;\">, exploring various disciplines such as BDSM, Shibari, Psychodance, Art Therapy, Theatrical Drama, Clinical Sexology and Sexual and Gender Diversity.<\/span><\/p><p><span style=\"font-weight: 400;\">I invite you to discover <\/span><b>Kin-Qi<\/b><span style=\"font-weight: 400;\">, a project born out of my struggle for a more conscious and respectful world. I accompany human beings to unfold the joy and magic of their authenticity, to participate in the blossoming and awakening of their potential.<\/span><\/p><p><span style=\"font-weight: 400;\"><br \/><\/span><span style=\"font-weight: 400;\">Explore the different experiences I offer and listen within yourself to what works for you now.<\/span><\/p><p><em><span style=\"font-weight: 400;\">Pampered embrace, <br \/><\/span><\/em><span style=\"font-weight: 400;\">Fabiana Charrua - Fabi Tantra<\/span><\/p>\t\t\t\t\t\t\t\t<\/div>\n\t\t\t\t<\/div>\n\t\t\t\t\t<\/div>\n\t\t<\/div>\n\t\t\t\t\t<\/div>\n\t\t<\/section>\n\t\t\t\t<\/div>","protected":false},"excerpt":{"rendered":"<p>\u00bfQui\u00e9n soy? Soy Fabiana Charrua (Fabi Tantra), la fundadora y facilitadora de Kin Qi. Mi pasi\u00f3n por la naturaleza, la ciencia y la consciencia espiritual me ha llevado a convertirme en una ni\u00f1a curiosa, una Mujer Conectada y una Madre Consciente.\u00a0 Me desempe\u00f1o como Facilitadora de Tantra y Tao, Sex\u00f3loga, Educadora de Sexualidad Consciente para [&hellip;]<\/p>\n","protected":false},"author":1,"featured_media":0,"parent":0,"menu_order":0,"comment_status":"open","ping_status":"closed","template":"elementor_header_footer","meta":{"footnotes":""},"class_list":["post-405","page","type-page","status-publish","hentry"],"_links":{"self":[{"href":"https:\/\/kinqiproject.com\/en\/wp-json\/wp\/v2\/pages\/405","targetHints":{"allow":["GET"]}}],"collection":[{"href":"https:\/\/kinqiproject.com\/en\/wp-json\/wp\/v2\/pages"}],"about":[{"href":"https:\/\/kinqiproject.com\/en\/wp-json\/wp\/v2\/types\/page"}],"author":[{"embeddable":true,"href":"https:\/\/kinqiproject.com\/en\/wp-json\/wp\/v2\/users\/1"}],"replies":[{"embeddable":true,"href":"https:\/\/kinqiproject.com\/en\/wp-json\/wp\/v2\/comments?post=405"}],"version-history":[{"count":53,"href":"https:\/\/kinqiproject.com\/en\/wp-json\/wp\/v2\/pages\/405\/revisions"}],"predecessor-version":[{"id":4174,"href":"https:\/\/kinqiproject.com\/en\/wp-json\/wp\/v2\/pages\/405\/revisions\/4174"}],"wp:attachment":[{"href":"https:\/\/kinqiproject.com\/en\/wp-json\/wp\/v2\/media?parent=405"}],"curies":[{"name":"wp","href":"https:\/\/api.w.org\/{rel}","templated":true}]}}